{"id":3282,"date":"2018-07-14T12:15:19","date_gmt":"2018-07-14T10:15:19","guid":{"rendered":"http:\/\/shop.mittgard.de\/?product=import-placeholder-for-3344"},"modified":"2024-12-16T11:30:16","modified_gmt":"2024-12-16T10:30:16","slug":"diverse-allerley-schlemmerey","status":"publish","type":"product","link":"https:\/\/shop.mittgard.de\/?product=diverse-allerley-schlemmerey","title":{"rendered":"Diverse &#8222;Allerley Schlemmerey&#8220;"},"content":{"rendered":"<p>Kochen wie im Mittelalter<\/p>\n<p>Burgfeste, Mittelalterm\u00e4rkte und Ritterturniere sind Besuchermagnete bei Jung und Alt. Ist ein Fest vorbei, hei\u00dft es warten auf weitere Spektakel.<\/p>\n<p>Warum warten? Holen Sie sich das Mittelalter nach Hause. Kulinarisch ist dies mit dem vorliegenden Buch kein Problem mehr.<\/p>\n<p>Dieser nostalgisch und liebevoll gestaltete Band ist Vorlage f\u00fcr die Kochkultur des Mittelalters. Er beinhaltet viele Rezepte der mittelalterlichen K\u00fcche zu Breien, Suppen, Gefl\u00fcgel, Gem\u00fcse, Fisch, Wildfleisch und Nachtisch. Die Speisen sind einzigartig und zumeist einfach zuzubereiten. Im Handumdrehen sind Sie ein Gourmet des Mittelalters.<\/p>\n<p>Gebundene Ausgabe, 128 Seiten<\/p>\n","protected":false},"excerpt":{"rendered":"<p>HC<\/p>\n","protected":false},"featured_media":8005,"template":"","meta":[],"product_brand":[],"product_cat":[185,206],"product_tag":[398,236],"class_list":{"0":"post-3282","1":"product","2":"type-product","3":"status-publish","4":"has-post-thumbnail","6":"product_cat-literatur","7":"product_cat-naturkost","8":"product_tag-kochen","9":"product_tag-mittelalter","10":"product_shipping_class-paket","12":"first","13":"onbackorder","14":"taxable","15":"shipping-taxable","16":"purchasable","17":"product-type-simple"},"_links":{"self":[{"href":"https:\/\/shop.mittgard.de\/index.php?rest_route=\/wp\/v2\/product\/3282","targetHints":{"allow":["GET"]}}],"collection":[{"href":"https:\/\/shop.mittgard.de\/index.php?rest_route=\/wp\/v2\/product"}],"about":[{"href":"https:\/\/shop.mittgard.de\/index.php?rest_route=\/wp\/v2\/types\/product"}],"wp:featuredmedia":[{"embeddable":true,"href":"https:\/\/shop.mittgard.de\/index.php?rest_route=\/wp\/v2\/media\/8005"}],"wp:attachment":[{"href":"https:\/\/shop.mittgard.de\/index.php?rest_route=%2Fwp%2Fv2%2Fmedia&parent=3282"}],"wp:term":[{"taxonomy":"product_brand","embeddable":true,"href":"https:\/\/shop.mittgard.de\/index.php?rest_route=%2Fwp%2Fv2%2Fproduct_brand&post=3282"},{"taxonomy":"product_cat","embeddable":true,"href":"https:\/\/shop.mittgard.de\/index.php?rest_route=%2Fwp%2Fv2%2Fproduct_cat&post=3282"},{"taxonomy":"product_tag","embeddable":true,"href":"https:\/\/shop.mittgard.de\/index.php?rest_route=%2Fwp%2Fv2%2Fproduct_tag&post=3282"}],"curies":[{"name":"wp","href":"https:\/\/api.w.org\/{rel}","templated":true}]}}