{"id":3297,"date":"2018-07-14T12:15:22","date_gmt":"2018-07-14T10:15:22","guid":{"rendered":"http:\/\/shop.mittgard.de\/?product=import-placeholder-for-3359"},"modified":"2025-09-18T13:16:13","modified_gmt":"2025-09-18T11:16:13","slug":"diverse-kochbuch-fuer-haferspeissen","status":"publish","type":"product","link":"https:\/\/shop.mittgard.de\/?product=diverse-kochbuch-fuer-haferspeissen","title":{"rendered":"Diverse &#8222;Kochbuch f\u00fcr Haferspeisen &#038; 220 Flockenrezepte&#8220;"},"content":{"rendered":"<div id=\"tab_description\" class=\"tab-pane active\">\n<p>Der erste Teil dieses Buches beinhaltet das &#8222;Kochbuch f\u00fcr Haferspeisen&#8220; aus den Jahren des Ersten Weltkrieges zeigt die Vielfalt der Speisen, die mit Haferflocken hergestellt werden k\u00f6nnen. Haferflocken sind \u00e4u\u00dferst billig, nahrhaft, gesund und f\u00fcr den Krisenvorrat somit ideal.<\/p>\n<p>Der zweite Teil des Buches besteht aus einer Sammlung von 220 Rezepten mit verschiedenen Getreideflocken. Ob Suppen, S\u00fc\u00dfspeisen, Backwaren, Puddings, Hauptspeisen, Wurstf\u00fcllung oder als Beilage &#8211; Getreideflocken sind preiswert und gesund und werden viel zu wenig in der \u00fcblichen K\u00fcche verwendet.<\/p>\n<p>Das B\u00fcchlein umfasst somit insgesamt ca. 320 einfache Rezepte mit Haferflocken und anderen Getreideflocken:<br \/>\nSuppen und Breie<\/p>\n<ul>\n<li>Bratlinge und Pfannkuchen<\/li>\n<li>Kl\u00f6\u00dfe<\/li>\n<li>Kuchen<\/li>\n<li>Brot<\/li>\n<li>Aufl\u00e4ufe und Puddings<\/li>\n<li>Kekse<\/li>\n<li>Wurst und Fleischspeisen<\/li>\n<\/ul>\n<p>79 Seiten, bestehend aus: 32 Seiten &#8222;Kochbuch f\u00fcr Haferspeisen&#8220; (moderne Schrift) und 47 Seiten &#8222;220 Flockenrezepte&#8220; in Frakturschrift. Format: A5, Neuware.<\/p>\n<\/div>\n","protected":false},"excerpt":{"rendered":"<p>Br<\/p>\n","protected":false},"featured_media":10996,"template":"","meta":[],"product_brand":[],"product_cat":[185,206],"product_tag":[398,220],"class_list":{"0":"post-3297","1":"product","2":"type-product","3":"status-publish","4":"has-post-thumbnail","6":"product_cat-literatur","7":"product_cat-naturkost","8":"product_tag-kochen","9":"product_tag-selbstversorger","10":"product_shipping_class-paket","12":"first","13":"instock","14":"taxable","15":"shipping-taxable","16":"purchasable","17":"product-type-simple"},"_links":{"self":[{"href":"https:\/\/shop.mittgard.de\/index.php?rest_route=\/wp\/v2\/product\/3297","targetHints":{"allow":["GET"]}}],"collection":[{"href":"https:\/\/shop.mittgard.de\/index.php?rest_route=\/wp\/v2\/product"}],"about":[{"href":"https:\/\/shop.mittgard.de\/index.php?rest_route=\/wp\/v2\/types\/product"}],"wp:featuredmedia":[{"embeddable":true,"href":"https:\/\/shop.mittgard.de\/index.php?rest_route=\/wp\/v2\/media\/10996"}],"wp:attachment":[{"href":"https:\/\/shop.mittgard.de\/index.php?rest_route=%2Fwp%2Fv2%2Fmedia&parent=3297"}],"wp:term":[{"taxonomy":"product_brand","embeddable":true,"href":"https:\/\/shop.mittgard.de\/index.php?rest_route=%2Fwp%2Fv2%2Fproduct_brand&post=3297"},{"taxonomy":"product_cat","embeddable":true,"href":"https:\/\/shop.mittgard.de\/index.php?rest_route=%2Fwp%2Fv2%2Fproduct_cat&post=3297"},{"taxonomy":"product_tag","embeddable":true,"href":"https:\/\/shop.mittgard.de\/index.php?rest_route=%2Fwp%2Fv2%2Fproduct_tag&post=3297"}],"curies":[{"name":"wp","href":"https:\/\/api.w.org\/{rel}","templated":true}]}}