{"id":3314,"date":"2018-07-14T12:15:30","date_gmt":"2018-07-14T10:15:30","guid":{"rendered":"http:\/\/shop.mittgard.de\/?product=import-placeholder-for-3376"},"modified":"2026-03-19T12:39:41","modified_gmt":"2026-03-19T11:39:41","slug":"diverse-vorzuegliches-unkraut","status":"publish","type":"product","link":"https:\/\/shop.mittgard.de\/?product=diverse-vorzuegliches-unkraut","title":{"rendered":"Diverse &#8222;Vorz\u00fcgliches Unkraut&#8220;"},"content":{"rendered":"<p>Die besten Rezepte mit Wildpflanzen und Beikr\u00e4utern<\/p>\n<p>J\u00e4ten war gestern, Ernten ist heute<\/p>\n<p>&#8222;Unkraut&#8220; ist zuallererst ein Begriff des subjektiven Empfindens und bezeichnet Pflanzen, die manche Menschen als st\u00f6rend im eigenen Garten empfinden oder die ihnen als Wildwuchs am Wegesrand auffallen.<\/p>\n<p>Wenn &#8222;Unkr\u00e4uter&#8220; wie Brennesseln, L\u00f6wenzahn, Labkraut, G\u00e4nsefu\u00df, Klee, Disteln und andere entfernt werden, empfiehlt Ihnen dieses Buch: Begreifen Sie dies in vielen F\u00e4llen als kleine Ernte, denn oft k\u00f6nnen Sie diese Pflanzen f\u00fcr tolle Gerichte in H\u00fclle und F\u00fclle &#8211; f\u00fcr eine schmackhafte und gesunde Ern\u00e4hrung.<\/p>\n<p>Wussten Sie, dass die R\u00fcbe, Feldsalat oder Roggen urspr\u00fcnglich als Unkr\u00e4uter galten und dass es Kamille oder Spitzwegerich streng genommen noch immer sind? Lernen Sie den hohen Nutzen von Wildpflanzen und Beikr\u00e4utern f\u00fcr Ihre heimische K\u00fcche kennen und lieben.<\/p>\n<p>Gebundene Ausgabe, 96 Seiten<\/p>\n","protected":false},"excerpt":{"rendered":"<p>HC<\/p>\n","protected":false},"featured_media":10271,"template":"","meta":[],"product_brand":[],"product_cat":[185,206],"product_tag":[366,241,243,406],"class_list":{"0":"post-3314","1":"product","2":"type-product","3":"status-publish","4":"has-post-thumbnail","6":"product_cat-literatur","7":"product_cat-naturkost","8":"product_tag-kraeuter","9":"product_tag-kueche","10":"product_tag-natur","11":"product_tag-rezepte","12":"product_shipping_class-paket","14":"first","15":"instock","16":"taxable","17":"shipping-taxable","18":"purchasable","19":"product-type-simple"},"_links":{"self":[{"href":"https:\/\/shop.mittgard.de\/index.php?rest_route=\/wp\/v2\/product\/3314","targetHints":{"allow":["GET"]}}],"collection":[{"href":"https:\/\/shop.mittgard.de\/index.php?rest_route=\/wp\/v2\/product"}],"about":[{"href":"https:\/\/shop.mittgard.de\/index.php?rest_route=\/wp\/v2\/types\/product"}],"wp:featuredmedia":[{"embeddable":true,"href":"https:\/\/shop.mittgard.de\/index.php?rest_route=\/wp\/v2\/media\/10271"}],"wp:attachment":[{"href":"https:\/\/shop.mittgard.de\/index.php?rest_route=%2Fwp%2Fv2%2Fmedia&parent=3314"}],"wp:term":[{"taxonomy":"product_brand","embeddable":true,"href":"https:\/\/shop.mittgard.de\/index.php?rest_route=%2Fwp%2Fv2%2Fproduct_brand&post=3314"},{"taxonomy":"product_cat","embeddable":true,"href":"https:\/\/shop.mittgard.de\/index.php?rest_route=%2Fwp%2Fv2%2Fproduct_cat&post=3314"},{"taxonomy":"product_tag","embeddable":true,"href":"https:\/\/shop.mittgard.de\/index.php?rest_route=%2Fwp%2Fv2%2Fproduct_tag&post=3314"}],"curies":[{"name":"wp","href":"https:\/\/api.w.org\/{rel}","templated":true}]}}