{"id":3316,"date":"2018-07-14T12:15:30","date_gmt":"2018-07-14T10:15:30","guid":{"rendered":"http:\/\/shop.mittgard.de\/?product=import-placeholder-for-3378"},"modified":"2024-12-16T11:35:09","modified_gmt":"2024-12-16T10:35:09","slug":"diverse-wild-auf-feuer","status":"publish","type":"product","link":"https:\/\/shop.mittgard.de\/?product=diverse-wild-auf-feuer","title":{"rendered":"Diverse &#8222;Wild auf Feuer&#8220;"},"content":{"rendered":"<p>Grillen und Barbecue mit Wild &#8211; die besten Rezepte und Tipps<\/p>\n<p>Grillen liegt im Trend! Und auch Wildbret &#8211; selbst erlegt oder gekauft &#8211; ist ideal f\u00fcr den Rost geeignet. Ob Hirschr\u00fccken, Wildschwein-Ribs, Reh-Buletten, Wildentenbrust oder selbst gemachte W\u00fcrste: kulinarische Highlights, die nicht nur f\u00fcr J\u00e4ger ein Geschmackserlebnis sind.<\/p>\n<ul>\n<li>Die besten Rezepte von Grillexperten, Spitzenk\u00f6chen und passionierten J\u00e4gern<\/li>\n<li>Alles Wichtige zu Einkauf, Zerlegen und Verarbeitung von Wildfleisch<\/li>\n<li>Infos und Tipps zu Ger\u00e4ten, Zubeh\u00f6r und Grilltechniken<\/li>\n<\/ul>\n<p>Experten aus der Koch- und Gastronomieszene wie Elmar Fetscher, Herausgeber des Grill- und Barbecue-Magazins &#8222;Fire &amp; Food&#8220;, und Karl-Josef Fuchs, Spitzenkoch und Inhaber des bekannten &#8222;Romantikhotel Spielweg&#8220; im Schwarzw\u00e4lder M\u00fcnstertal, haben das Buch mit der Redaktion von &#8222;Wild und Hund&#8220;, Europas gr\u00f6\u00dfter Jagdzeitschrift, geschrieben und bebildert.<\/p>\n<p>Gebundene Ausgabe, 128 Seiten<\/p>\n<p>&nbsp;<\/p>\n","protected":false},"excerpt":{"rendered":"<p>HC<\/p>\n","protected":false},"featured_media":5065,"template":"","meta":[],"product_brand":[],"product_cat":[185,206],"product_tag":[414,424,419],"class_list":{"0":"post-3316","1":"product","2":"type-product","3":"status-publish","4":"has-post-thumbnail","6":"product_cat-literatur","7":"product_cat-naturkost","8":"product_tag-grillen","9":"product_tag-jagd","10":"product_tag-lagerkueche","11":"product_shipping_class-paket","13":"first","14":"onbackorder","15":"taxable","16":"shipping-taxable","17":"purchasable","18":"product-type-simple"},"_links":{"self":[{"href":"https:\/\/shop.mittgard.de\/index.php?rest_route=\/wp\/v2\/product\/3316","targetHints":{"allow":["GET"]}}],"collection":[{"href":"https:\/\/shop.mittgard.de\/index.php?rest_route=\/wp\/v2\/product"}],"about":[{"href":"https:\/\/shop.mittgard.de\/index.php?rest_route=\/wp\/v2\/types\/product"}],"wp:featuredmedia":[{"embeddable":true,"href":"https:\/\/shop.mittgard.de\/index.php?rest_route=\/wp\/v2\/media\/5065"}],"wp:attachment":[{"href":"https:\/\/shop.mittgard.de\/index.php?rest_route=%2Fwp%2Fv2%2Fmedia&parent=3316"}],"wp:term":[{"taxonomy":"product_brand","embeddable":true,"href":"https:\/\/shop.mittgard.de\/index.php?rest_route=%2Fwp%2Fv2%2Fproduct_brand&post=3316"},{"taxonomy":"product_cat","embeddable":true,"href":"https:\/\/shop.mittgard.de\/index.php?rest_route=%2Fwp%2Fv2%2Fproduct_cat&post=3316"},{"taxonomy":"product_tag","embeddable":true,"href":"https:\/\/shop.mittgard.de\/index.php?rest_route=%2Fwp%2Fv2%2Fproduct_tag&post=3316"}],"curies":[{"name":"wp","href":"https:\/\/api.w.org\/{rel}","templated":true}]}}