{"id":3324,"date":"2018-07-14T12:15:31","date_gmt":"2018-07-14T10:15:31","guid":{"rendered":"http:\/\/shop.mittgard.de\/?product=import-placeholder-for-3386"},"modified":"2024-12-16T11:36:54","modified_gmt":"2024-12-16T10:36:54","slug":"fleischhauer-kleine-enzyklopaedie-der-essbaren-wildpflanzen","status":"publish","type":"product","link":"https:\/\/shop.mittgard.de\/?product=fleischhauer-kleine-enzyklopaedie-der-essbaren-wildpflanzen","title":{"rendered":"Fleischhauer&#8220;Kleine Enzyklop\u00e4die der essbaren Wildpflanzen&#8220;"},"content":{"rendered":"<p>1000 Pflanzen tabellarisch mit 300 Farbfotos<\/p>\n<p>Essbare Wildpflanzen werden heute wiederentdeckt und liegen voll im Trend.<\/p>\n<p>Dieses Buch vermittelt in kompakter und handlicher Form anschaulich alle relevanten Informationen \u00fcber die Verwendung der 1000 wichtigsten essbaren Wildpflanzen Mitteleuropas.<\/p>\n<p>Das Buch umfa\u00dft:<\/p>\n<p>&#8211; Pflanzenname und -familien sowie Angaben zu Schutz und Gef\u00e4hrdung, Unvertr\u00e4glichkeit und Giftigkeit.<br \/>\n&#8211; Informationen zu Erntezeit der verschiedenen Pflanzenteile mit \u00fcberlieferten Verarbeitungshinweisen, erweitert mit eigenen Verarbeitungsempfehlungen des Autors.<br \/>\n&#8211; Hinweise zu Genu\u00dfqualit\u00e4t und \u00fcberlieferter Verwendung in der K\u00fcche.<br \/>\n&#8211; Eine \u00dcbersicht der Wildpflanzen mit gef\u00e4hrlich giftigen Bestandteilen.<br \/>\n&#8211; Ein umfangreiches Register mit allen botanischen Namen und bekannten Namenssynonymen.<br \/>\nKnappe Erl\u00e4uterungen in Kurztexten, Symboldarstellungen sowie farbliche und grafische Hervorhebungen erm\u00f6glichen eine schnelle Orientierung und ein einfaches Nachschlagen.<\/p>\n<p>Die 300 herausragenden essbaren Arten sind zus\u00e4tzlich in erstklassigen Farbfotos dargestellt.<\/p>\n<p>Ein wertvolles Nachschlagewerk im Taschenformat f\u00fcr pflanzeninteressierte Menschen.<\/p>\n<p>Broschiert, 216 Seiten<\/p>\n","protected":false},"excerpt":{"rendered":"<p>Br<\/p>\n","protected":false},"featured_media":7815,"template":"","meta":[],"product_brand":[],"product_cat":[185,206],"product_tag":[408,366,241,243,415],"class_list":{"0":"post-3324","1":"product","2":"type-product","3":"status-publish","4":"has-post-thumbnail","6":"product_cat-literatur","7":"product_cat-naturkost","8":"product_tag-bestimmen","9":"product_tag-kraeuter","10":"product_tag-kueche","11":"product_tag-natur","12":"product_tag-sammeln","13":"product_shipping_class-paket","15":"first","16":"onbackorder","17":"taxable","18":"shipping-taxable","19":"purchasable","20":"product-type-simple"},"_links":{"self":[{"href":"https:\/\/shop.mittgard.de\/index.php?rest_route=\/wp\/v2\/product\/3324","targetHints":{"allow":["GET"]}}],"collection":[{"href":"https:\/\/shop.mittgard.de\/index.php?rest_route=\/wp\/v2\/product"}],"about":[{"href":"https:\/\/shop.mittgard.de\/index.php?rest_route=\/wp\/v2\/types\/product"}],"wp:featuredmedia":[{"embeddable":true,"href":"https:\/\/shop.mittgard.de\/index.php?rest_route=\/wp\/v2\/media\/7815"}],"wp:attachment":[{"href":"https:\/\/shop.mittgard.de\/index.php?rest_route=%2Fwp%2Fv2%2Fmedia&parent=3324"}],"wp:term":[{"taxonomy":"product_brand","embeddable":true,"href":"https:\/\/shop.mittgard.de\/index.php?rest_route=%2Fwp%2Fv2%2Fproduct_brand&post=3324"},{"taxonomy":"product_cat","embeddable":true,"href":"https:\/\/shop.mittgard.de\/index.php?rest_route=%2Fwp%2Fv2%2Fproduct_cat&post=3324"},{"taxonomy":"product_tag","embeddable":true,"href":"https:\/\/shop.mittgard.de\/index.php?rest_route=%2Fwp%2Fv2%2Fproduct_tag&post=3324"}],"curies":[{"name":"wp","href":"https:\/\/api.w.org\/{rel}","templated":true}]}}