{"id":3333,"date":"2018-07-14T12:15:38","date_gmt":"2018-07-14T10:15:38","guid":{"rendered":"http:\/\/shop.mittgard.de\/?product=import-placeholder-for-3395"},"modified":"2024-12-15T11:57:52","modified_gmt":"2024-12-15T10:57:52","slug":"hanreich-joghurt-kaese-rahm-und-co","status":"publish","type":"product","link":"https:\/\/shop.mittgard.de\/?product=hanreich-joghurt-kaese-rahm-und-co","title":{"rendered":"Hanreich &#8222;Joghurt, K\u00e4se, Rahm und Co.&#8220;"},"content":{"rendered":"<p>Gesundes aus Milch selbst gemacht!<\/p>\n<p>Das \u00fcberarbeitete und neu bebilderte Standardwerk f\u00fcr jeden, der frische und gekaufte Milch selbst verarbeiten m\u00f6chte und einfache Rezepte sucht, die auch garantiert gelingen.<\/p>\n<p>Aus Milch lassen sich in jedem Haushalt einfach und nat\u00fcrlich Joghurt, Rahm, Topfen (Quark), Butter und Buttermilch, Molke sowie Frisch- und Weichk\u00e4se herstellen. Auch Kefir, indisches Lassi und t\u00fcrkischer Ayran, Sauer- und Acidophilus-Milch gelingen mit den Anleitungen aus diesem Buch.<\/p>\n<p>Mehr als 100 Rezepte f\u00fcr Milch-Mixgetr\u00e4nke, Tsatsiki, Salatmarinaden, Kefir-Kuchen, Kr\u00e4uterbutter, Rahmsuppen, eingelegten Frischk\u00e4se, Buttermilchbrote und s\u00fc\u00dfe sowie pikante K\u00f6stlichkeiten aus Topfen (Quark) zeigen, wie vielseitig Milch und Milchprodukte in der K\u00fcche zum Einsatz kommen.<\/p>\n<p>Aus dem Inhalt:<\/p>\n<p>&#8211; Kuh-, Schaf-, Ziegen und Stutenmilch<br \/>\n&#8211; Milch und Gesundheit<br \/>\n&#8211; Hausmittel mit Milch und Milchprodukten<br \/>\n&#8211; Joghurt und Topfen (Quark)<br \/>\n&#8211; S\u00fc\u00df- und Sauerrahm<br \/>\n&#8211; Butter und Buttermilch<br \/>\n&#8211; Molke und K\u00e4se<\/p>\n<p>Gebundene Ausgabe, 162 Seiten<\/p>\n","protected":false},"excerpt":{"rendered":"<p>HC<\/p>\n","protected":false},"featured_media":6054,"template":"","meta":[],"product_brand":[],"product_cat":[186,185,206],"product_tag":[241,428,220],"class_list":{"0":"post-3333","1":"product","2":"type-product","3":"status-publish","4":"has-post-thumbnail","6":"product_cat-alternativ-leben","7":"product_cat-literatur","8":"product_cat-naturkost","9":"product_tag-kueche","10":"product_tag-milch","11":"product_tag-selbstversorger","12":"product_shipping_class-paket","14":"first","15":"onbackorder","16":"taxable","17":"shipping-taxable","18":"purchasable","19":"product-type-simple"},"_links":{"self":[{"href":"https:\/\/shop.mittgard.de\/index.php?rest_route=\/wp\/v2\/product\/3333","targetHints":{"allow":["GET"]}}],"collection":[{"href":"https:\/\/shop.mittgard.de\/index.php?rest_route=\/wp\/v2\/product"}],"about":[{"href":"https:\/\/shop.mittgard.de\/index.php?rest_route=\/wp\/v2\/types\/product"}],"wp:featuredmedia":[{"embeddable":true,"href":"https:\/\/shop.mittgard.de\/index.php?rest_route=\/wp\/v2\/media\/6054"}],"wp:attachment":[{"href":"https:\/\/shop.mittgard.de\/index.php?rest_route=%2Fwp%2Fv2%2Fmedia&parent=3333"}],"wp:term":[{"taxonomy":"product_brand","embeddable":true,"href":"https:\/\/shop.mittgard.de\/index.php?rest_route=%2Fwp%2Fv2%2Fproduct_brand&post=3333"},{"taxonomy":"product_cat","embeddable":true,"href":"https:\/\/shop.mittgard.de\/index.php?rest_route=%2Fwp%2Fv2%2Fproduct_cat&post=3333"},{"taxonomy":"product_tag","embeddable":true,"href":"https:\/\/shop.mittgard.de\/index.php?rest_route=%2Fwp%2Fv2%2Fproduct_tag&post=3333"}],"curies":[{"name":"wp","href":"https:\/\/api.w.org\/{rel}","templated":true}]}}