{"id":3345,"date":"2018-07-14T12:15:40","date_gmt":"2018-07-14T10:15:40","guid":{"rendered":"http:\/\/shop.mittgard.de\/?product=import-placeholder-for-3407"},"modified":"2024-12-16T11:38:37","modified_gmt":"2024-12-16T10:38:37","slug":"janascheck-macauley-reinheimer-kessel-ofen-feuer","status":"publish","type":"product","link":"https:\/\/shop.mittgard.de\/?product=janascheck-macauley-reinheimer-kessel-ofen-feuer","title":{"rendered":"Janascheck\/ MacAuley\/ Reinheimer &#8222;Kessel Ofen Feuer&#8220;"},"content":{"rendered":"<p>k\u00f6stliche Rezepte zum Feiern der Jahreskreisfeste<\/p>\n<p>Der magische Kessel der Wiedergeburt ist zentrales Symbol aller Kulturr\u00e4ume. Herd und heiliges Feuer befinden sich im Mittelpunkt des sozialen Geschehens.<\/p>\n<p>Im Kessel, Ofen oder Feuer werden die Dankesspei\u00dfen zu den Jahreskreisfesten zubereitet. Das Kochen, R\u00f6sten oder Braten der Spei\u00dfen ist ein gemeinschaftliches Ritual, das sich in die jeweilige Feier einf\u00fcgt.<\/p>\n<p>Ulla Janascheck beschreibt die Bedeutungen der einzelnen Feiern mit ihren alten Br\u00e4uchen sowie ihrer ornamentalen Symbolik. Zu jedem Fest gibt es eine F\u00fclle von traditionellen Rezepten zu Spei\u00dfen und Getr\u00e4nken.<\/p>\n<p>Diese werden vorwiegend aus Zutaten zubereitet, die Wildnis und Garten zum Zeitpunkt des Festes bieten.<\/p>\n<p>Ein mythologisches Kochbuch &#8211; einf\u00fchlsam illustriert von Markus Reinheimer!<\/p>\n<p>Gebundene Ausgabe, 136 Seiten<\/p>\n","protected":false},"excerpt":{"rendered":"<p>HC<\/p>\n","protected":false},"featured_media":7240,"template":"","meta":[],"product_brand":[],"product_cat":[185,206],"product_tag":[352,225,398,419,248,364],"class_list":{"0":"post-3345","1":"product","2":"type-product","3":"status-publish","4":"has-post-thumbnail","6":"product_cat-literatur","7":"product_cat-naturkost","8":"product_tag-feste","9":"product_tag-jahreskreis","10":"product_tag-kochen","11":"product_tag-lagerkueche","12":"product_tag-ritual","13":"product_tag-spiritualitaet","14":"product_shipping_class-paket","16":"first","17":"onbackorder","18":"taxable","19":"shipping-taxable","20":"purchasable","21":"product-type-simple"},"_links":{"self":[{"href":"https:\/\/shop.mittgard.de\/index.php?rest_route=\/wp\/v2\/product\/3345","targetHints":{"allow":["GET"]}}],"collection":[{"href":"https:\/\/shop.mittgard.de\/index.php?rest_route=\/wp\/v2\/product"}],"about":[{"href":"https:\/\/shop.mittgard.de\/index.php?rest_route=\/wp\/v2\/types\/product"}],"wp:featuredmedia":[{"embeddable":true,"href":"https:\/\/shop.mittgard.de\/index.php?rest_route=\/wp\/v2\/media\/7240"}],"wp:attachment":[{"href":"https:\/\/shop.mittgard.de\/index.php?rest_route=%2Fwp%2Fv2%2Fmedia&parent=3345"}],"wp:term":[{"taxonomy":"product_brand","embeddable":true,"href":"https:\/\/shop.mittgard.de\/index.php?rest_route=%2Fwp%2Fv2%2Fproduct_brand&post=3345"},{"taxonomy":"product_cat","embeddable":true,"href":"https:\/\/shop.mittgard.de\/index.php?rest_route=%2Fwp%2Fv2%2Fproduct_cat&post=3345"},{"taxonomy":"product_tag","embeddable":true,"href":"https:\/\/shop.mittgard.de\/index.php?rest_route=%2Fwp%2Fv2%2Fproduct_tag&post=3345"}],"curies":[{"name":"wp","href":"https:\/\/api.w.org\/{rel}","templated":true}]}}