{"id":3350,"date":"2018-07-14T12:15:41","date_gmt":"2018-07-14T10:15:41","guid":{"rendered":"http:\/\/shop.mittgard.de\/?product=import-placeholder-for-3412"},"modified":"2025-09-15T13:12:10","modified_gmt":"2025-09-15T11:12:10","slug":"lichtheimat-haltbarmach-almanach","status":"publish","type":"product","link":"https:\/\/shop.mittgard.de\/?product=lichtheimat-haltbarmach-almanach","title":{"rendered":"Lichtheimat &#8222;Haltbarmach &#8211; Almanach&#8220;"},"content":{"rendered":"<p>Alternativen zur Tiefk\u00fchltruhe und Konservendose. Ein sch\u00f6n gestaltetes Handbuch mit praktischen Anleitungen und Informationen \u00fcber nat\u00fcrliche Arten der Konservierung von Fr\u00fcchten und Gem\u00fcsen: D\u00f6rren, Trocknen, Sterilisieren, Milchs\u00e4ureg\u00e4rung, Einmieten, S\u00e4fte, Marmeladen&#8230;<\/p>\n<p>160 Seiten, illustriert<\/p>\n","protected":false},"excerpt":{"rendered":"<p>Br<\/p>\n","protected":false},"featured_media":4182,"template":"","meta":[],"product_brand":[],"product_cat":[185,206],"product_tag":[361,241,220],"class_list":{"0":"post-3350","1":"product","2":"type-product","3":"status-publish","4":"has-post-thumbnail","6":"product_cat-literatur","7":"product_cat-naturkost","8":"product_tag-bauanleitungen","9":"product_tag-kueche","10":"product_tag-selbstversorger","11":"product_shipping_class-paket","13":"first","14":"instock","15":"taxable","16":"shipping-taxable","17":"purchasable","18":"product-type-simple"},"_links":{"self":[{"href":"https:\/\/shop.mittgard.de\/index.php?rest_route=\/wp\/v2\/product\/3350","targetHints":{"allow":["GET"]}}],"collection":[{"href":"https:\/\/shop.mittgard.de\/index.php?rest_route=\/wp\/v2\/product"}],"about":[{"href":"https:\/\/shop.mittgard.de\/index.php?rest_route=\/wp\/v2\/types\/product"}],"wp:featuredmedia":[{"embeddable":true,"href":"https:\/\/shop.mittgard.de\/index.php?rest_route=\/wp\/v2\/media\/4182"}],"wp:attachment":[{"href":"https:\/\/shop.mittgard.de\/index.php?rest_route=%2Fwp%2Fv2%2Fmedia&parent=3350"}],"wp:term":[{"taxonomy":"product_brand","embeddable":true,"href":"https:\/\/shop.mittgard.de\/index.php?rest_route=%2Fwp%2Fv2%2Fproduct_brand&post=3350"},{"taxonomy":"product_cat","embeddable":true,"href":"https:\/\/shop.mittgard.de\/index.php?rest_route=%2Fwp%2Fv2%2Fproduct_cat&post=3350"},{"taxonomy":"product_tag","embeddable":true,"href":"https:\/\/shop.mittgard.de\/index.php?rest_route=%2Fwp%2Fv2%2Fproduct_tag&post=3350"}],"curies":[{"name":"wp","href":"https:\/\/api.w.org\/{rel}","templated":true}]}}