{"id":3355,"date":"2018-07-14T12:15:42","date_gmt":"2018-07-14T10:15:42","guid":{"rendered":"http:\/\/shop.mittgard.de\/?product=import-placeholder-for-3417"},"modified":"2026-04-06T13:30:06","modified_gmt":"2026-04-06T11:30:06","slug":"mayer-elisabeth-wildfruechte-gemuese-kraeuter","status":"publish","type":"product","link":"https:\/\/shop.mittgard.de\/?product=mayer-elisabeth-wildfruechte-gemuese-kraeuter","title":{"rendered":"Mayer, Elisabeth &#8222;noch mehr Wildfr\u00fcchte, -gem\u00fcse, -kr\u00e4uter&#8220;"},"content":{"rendered":"<p>erkennen, sammeln und genie\u00dfen<\/p>\n<p>Wildpflanzen sind nicht nur ausgesprochen gesund, sondern auch k\u00f6stliche Zutaten vieler Gerichte.<\/p>\n<p>Neben Klassikern wie B\u00e4rlauch, L\u00f6wenzahn, Malve, Gundelrebe, Thymian, Brennesseln und Holunder werden auch Giersch, Nelkenwurz, Nachtkerze, Wegwarte, Engelwurz, G\u00e4nsedistel und viele andere Wildkr\u00e4uter, jeweils der Jahreszeit entsprechend, behandelt.<\/p>\n<p>Mit Tips f\u00fcr das richtige Sammeln und f\u00fcr die verschiedenen Arten der Weiterverarbeitung haben Sie mit diesem Buch der &#8222;Kr\u00e4uterfee&#8220; Elisabeth Mayer einen n\u00fctzlichen Begleiter auf Ihren Spazierg\u00e4ngen durch W\u00e4lder und \u00fcber Wiesen.<\/p>\n<p>Nat\u00fcrlich wird anhand vieler Beispiele gezeigt, wie man aus den gesammelten Wildpflanzen k\u00f6stliche Spei\u00dfen zubereitet &#8211; von geschmackvollen Suppen bis hin zu raffinierten Desserts.<\/p>\n<p>Aus dem Inhalt:<\/p>\n<p>&#8211; Botanische Merkmale und Standortbeschreibungen<br \/>\n&#8211; Pfl\u00fcckhinweise und Sammeltipps<br \/>\n&#8211; Traditionelle Verwendung und Heilsanwendung nach Hildegard von Bingen<br \/>\n&#8211; Zuordnung und Anwendung nach TCM<br \/>\n&#8211; Verwendung in der Wildkr\u00e4uterk\u00fcche<br \/>\n&#8211; Die besten Rezepte<\/p>\n<p>Gebundene Ausgabe, 208 Seiten<\/p>\n","protected":false},"excerpt":{"rendered":"<p>HC<\/p>\n","protected":false},"featured_media":4188,"template":"","meta":[],"product_brand":[],"product_cat":[185,206],"product_tag":[408,421,406,415,416],"class_list":{"0":"post-3355","1":"product","2":"type-product","3":"status-publish","4":"has-post-thumbnail","6":"product_cat-literatur","7":"product_cat-naturkost","8":"product_tag-bestimmen","9":"product_tag-fruechte","10":"product_tag-rezepte","11":"product_tag-sammeln","12":"product_tag-wildpflanzen","13":"product_shipping_class-paket","15":"first","16":"onbackorder","17":"taxable","18":"shipping-taxable","19":"purchasable","20":"product-type-simple"},"_links":{"self":[{"href":"https:\/\/shop.mittgard.de\/index.php?rest_route=\/wp\/v2\/product\/3355","targetHints":{"allow":["GET"]}}],"collection":[{"href":"https:\/\/shop.mittgard.de\/index.php?rest_route=\/wp\/v2\/product"}],"about":[{"href":"https:\/\/shop.mittgard.de\/index.php?rest_route=\/wp\/v2\/types\/product"}],"wp:featuredmedia":[{"embeddable":true,"href":"https:\/\/shop.mittgard.de\/index.php?rest_route=\/wp\/v2\/media\/4188"}],"wp:attachment":[{"href":"https:\/\/shop.mittgard.de\/index.php?rest_route=%2Fwp%2Fv2%2Fmedia&parent=3355"}],"wp:term":[{"taxonomy":"product_brand","embeddable":true,"href":"https:\/\/shop.mittgard.de\/index.php?rest_route=%2Fwp%2Fv2%2Fproduct_brand&post=3355"},{"taxonomy":"product_cat","embeddable":true,"href":"https:\/\/shop.mittgard.de\/index.php?rest_route=%2Fwp%2Fv2%2Fproduct_cat&post=3355"},{"taxonomy":"product_tag","embeddable":true,"href":"https:\/\/shop.mittgard.de\/index.php?rest_route=%2Fwp%2Fv2%2Fproduct_tag&post=3355"}],"curies":[{"name":"wp","href":"https:\/\/api.w.org\/{rel}","templated":true}]}}