{"id":3357,"date":"2018-07-14T12:15:42","date_gmt":"2018-07-14T10:15:42","guid":{"rendered":"http:\/\/shop.mittgard.de\/?product=import-placeholder-for-3419"},"modified":"2024-12-15T12:15:00","modified_gmt":"2024-12-15T11:15:00","slug":"millard-elizabeth-der-garten-in-der-kueche","status":"publish","type":"product","link":"https:\/\/shop.mittgard.de\/?product=millard-elizabeth-der-garten-in-der-kueche","title":{"rendered":"Millard, Elizabeth &#8222;Der Garten in der K\u00fcche&#8220;"},"content":{"rendered":"<p>Sprossen, Kr\u00e4uter, Pilze, Gem\u00fcse von der Fensterbank<\/p>\n<p>Selbstversorgung liegt voll im Trend und hierbei spielt der eigene Garten als wichtige Bezugsquelle f\u00fcr vollwertige Lebensmittel eine zentrale Rolle. Wie man den Garten in die eigenen K\u00fcche holen kann, zeigt dieses Buch, mit dem das K\u00fccheng\u00e4rtnern von Grund auf erlernt werden kann. Ausgehend von der Raumplanung und der Suche nach dem geeigneten Standort (f\u00fcr gew\u00f6hnlich die K\u00fcche, doch nicht immer) stehen Fragen wie Bepflanzung, Bew\u00e4sserung, Luftzirkulation, Bodenpflege, mit denen sich ein K\u00fccheng\u00e4rtner auseinanderzusetzen hat, im Mittelpunkt. Der Leser erh\u00e4lt \u00fcberdies ausf\u00fchrliche Informationen zu den einzelnen Nutzpflanzen und den h\u00e4ufigsten Anzuchtproblemen.<\/p>\n<p>Keimpflanzen und Sprossen zu z\u00fcchten, ist besonders einfach und ertragreich; sie kosten wenig Zeit und Geld und sind schon nach ein bis zwei Wochen f\u00fcr den Verzehr bereit. Mit etwas mehr Ausdauer und ein paar technischen Hilfsmitteln kann man auch Kr\u00e4uter, Blattsalate und Tomaten anbauen. Bestandteil dieses Buches sind im Weiteren Rezeptideen f\u00fcr die Verwertung der Ernte. Die Autorin legt gro\u00dfen Wert auf die Zubereitung als Teil einer jeden Anbaustrategie und verbringt genauso viel Zeit mit Einmachen, Verg\u00e4ren und Zerkleinern wie mit J\u00e4ten, Umsetzen und dem Einholen der Ernte.<\/p>\n<p>Taschenbuch, 224 Seiten<\/p>\n","protected":false},"excerpt":{"rendered":"<p>Br<\/p>\n","protected":false},"featured_media":9577,"template":"","meta":[],"product_brand":[],"product_cat":[186,185,206],"product_tag":[230,241,406,220],"class_list":{"0":"post-3357","1":"product","2":"type-product","3":"status-publish","4":"has-post-thumbnail","6":"product_cat-alternativ-leben","7":"product_cat-literatur","8":"product_cat-naturkost","9":"product_tag-garten","10":"product_tag-kueche","11":"product_tag-rezepte","12":"product_tag-selbstversorger","13":"product_shipping_class-paket","15":"first","16":"instock","17":"taxable","18":"shipping-taxable","19":"purchasable","20":"product-type-simple"},"_links":{"self":[{"href":"https:\/\/shop.mittgard.de\/index.php?rest_route=\/wp\/v2\/product\/3357","targetHints":{"allow":["GET"]}}],"collection":[{"href":"https:\/\/shop.mittgard.de\/index.php?rest_route=\/wp\/v2\/product"}],"about":[{"href":"https:\/\/shop.mittgard.de\/index.php?rest_route=\/wp\/v2\/types\/product"}],"wp:featuredmedia":[{"embeddable":true,"href":"https:\/\/shop.mittgard.de\/index.php?rest_route=\/wp\/v2\/media\/9577"}],"wp:attachment":[{"href":"https:\/\/shop.mittgard.de\/index.php?rest_route=%2Fwp%2Fv2%2Fmedia&parent=3357"}],"wp:term":[{"taxonomy":"product_brand","embeddable":true,"href":"https:\/\/shop.mittgard.de\/index.php?rest_route=%2Fwp%2Fv2%2Fproduct_brand&post=3357"},{"taxonomy":"product_cat","embeddable":true,"href":"https:\/\/shop.mittgard.de\/index.php?rest_route=%2Fwp%2Fv2%2Fproduct_cat&post=3357"},{"taxonomy":"product_tag","embeddable":true,"href":"https:\/\/shop.mittgard.de\/index.php?rest_route=%2Fwp%2Fv2%2Fproduct_tag&post=3357"}],"curies":[{"name":"wp","href":"https:\/\/api.w.org\/{rel}","templated":true}]}}