{"id":3358,"date":"2018-07-14T12:15:47","date_gmt":"2018-07-14T10:15:47","guid":{"rendered":"http:\/\/shop.mittgard.de\/?product=import-placeholder-for-3420"},"modified":"2026-05-04T13:27:35","modified_gmt":"2026-05-04T11:27:35","slug":"moroldsdotter-rannveig-kochen-wie-die-wikinger","status":"publish","type":"product","link":"https:\/\/shop.mittgard.de\/?product=moroldsdotter-rannveig-kochen-wie-die-wikinger","title":{"rendered":"Moroldsdotter, Rannveig &#8222;Kochen wie die Wikinger&#8220;"},"content":{"rendered":"<p>Historische Rezepte: Kochen wie die Wikinger<\/p>\n<p>Ob Fischsuppe, Wildschweinbraten oder selbst gebrautes Wacholderbier &#8211; &#8222;Kochen wie die Wikinger&#8220; bietet eine schmackhafte Ann\u00e4herung an die Kultur der Nordleute und f\u00fchrt in die Besonderheiten der Wikingerk\u00fcche ein. Mit authentischen und nachempfundenen Rezepten entf\u00fchrt die Autorin auf eine Reise in die Vergangenheit und l\u00e4sst uns die Traditionen und Br\u00e4uche der Nordm\u00e4nner erleben.<\/p>\n<p>Von kr\u00e4ftigen Suppen \u00fcber deftige Braten bis hin zu zuckers\u00fc\u00dfen Naschereien reicht das Spektrum der mehr als 80 vorgestellten Gerichte. Auch Fisch in den verschiedensten Variationen darf dabei nat\u00fcrlich nicht fehlen. Erg\u00e4nzt wird diese Sammlung durch eine Liste der verwendeten Lebensmittel, inklusive Betrachtung ihrer Geschichte.<\/p>\n<p>Ein Kochbuch f\u00fcr alle, die Lust haben, alte Rezepte neu auszuprobieren.<\/p>\n<p>Rannveig Moroldsdotter,<\/p>\n<p>mit b\u00fcrgerlichem Namen Claudia Fischer, besch\u00e4ftigt sich bereits seit langem mit der Kultur der Nordleute. Auf Mittelalterveranstaltungen betreibt sie mit viel Liebe zum Detail die Darstellung einer Wikingerfrau und f\u00fchrt Besuchern die K\u00fcche der Nordleute sowie historische Handarbeiten vor.<\/p>\n<p>Gebundene Ausgabe, 208 Seiten<\/p>\n","protected":false},"excerpt":{"rendered":"<p>PB<\/p>\n","protected":false},"featured_media":4196,"template":"","meta":[],"product_brand":[],"product_cat":[185,206],"product_tag":[398,419,255,311],"class_list":{"0":"post-3358","1":"product","2":"type-product","3":"status-publish","4":"has-post-thumbnail","6":"product_cat-literatur","7":"product_cat-naturkost","8":"product_tag-kochen","9":"product_tag-lagerkueche","10":"product_tag-reenactment","11":"product_tag-wikinger","12":"product_shipping_class-paket","14":"first","15":"onbackorder","16":"taxable","17":"shipping-taxable","18":"purchasable","19":"product-type-simple"},"_links":{"self":[{"href":"https:\/\/shop.mittgard.de\/index.php?rest_route=\/wp\/v2\/product\/3358","targetHints":{"allow":["GET"]}}],"collection":[{"href":"https:\/\/shop.mittgard.de\/index.php?rest_route=\/wp\/v2\/product"}],"about":[{"href":"https:\/\/shop.mittgard.de\/index.php?rest_route=\/wp\/v2\/types\/product"}],"wp:featuredmedia":[{"embeddable":true,"href":"https:\/\/shop.mittgard.de\/index.php?rest_route=\/wp\/v2\/media\/4196"}],"wp:attachment":[{"href":"https:\/\/shop.mittgard.de\/index.php?rest_route=%2Fwp%2Fv2%2Fmedia&parent=3358"}],"wp:term":[{"taxonomy":"product_brand","embeddable":true,"href":"https:\/\/shop.mittgard.de\/index.php?rest_route=%2Fwp%2Fv2%2Fproduct_brand&post=3358"},{"taxonomy":"product_cat","embeddable":true,"href":"https:\/\/shop.mittgard.de\/index.php?rest_route=%2Fwp%2Fv2%2Fproduct_cat&post=3358"},{"taxonomy":"product_tag","embeddable":true,"href":"https:\/\/shop.mittgard.de\/index.php?rest_route=%2Fwp%2Fv2%2Fproduct_tag&post=3358"}],"curies":[{"name":"wp","href":"https:\/\/api.w.org\/{rel}","templated":true}]}}