{"id":3362,"date":"2018-07-14T12:15:48","date_gmt":"2018-07-14T10:15:48","guid":{"rendered":"http:\/\/shop.mittgard.de\/?product=import-placeholder-for-3424"},"modified":"2024-12-16T12:33:10","modified_gmt":"2024-12-16T11:33:10","slug":"rehbronn-reiter-strohmeier-das-raeuchern-von-fischen","status":"publish","type":"product","link":"https:\/\/shop.mittgard.de\/?product=rehbronn-reiter-strohmeier-das-raeuchern-von-fischen","title":{"rendered":"Rehbronn\/Reiter\/Strohmeier &#8222;Das R\u00e4uchern von Fischen&#8220;"},"content":{"rendered":"<p>Wie man sich einen R\u00e4ucherofen selber baut und beste Fischdelikatessen selbst macht<\/p>\n<p>Hmmm lecker!<\/p>\n<p>Ger\u00e4ucherter Fisch ist eine absolute Delikatesse, das finden nicht nur Angler! Ob selbst gefangen oder frisch gekauft &#8211; jeder Fisch wird durch R\u00e4uchern zum Festschmaus.<\/p>\n<p>Alles was Sie \u00fcber Techniken, Ger\u00e4te und Zubeh\u00f6r wissen m\u00fcssen, von der R\u00e4uchertonne &#8222;Marke Eigenbau&#8220; bis zum Profi-R\u00e4ucherschrank, erfahren Sie in diesem Klassiker.<\/p>\n<p>&#8211; Geeignete Fischarten und ihre Vorbehandlung<br \/>\n&#8211; Gebr\u00e4uchliche R\u00e4uchermittel und Hygiene<br \/>\n&#8211; R\u00e4uchermethoden Schritt f\u00fcr Schritt<br \/>\n&#8211; Das Wichtigste zum Grillen von Fisch<\/p>\n<p>Der vielfach bew\u00e4hrte Ratgeber f\u00fcr Hobby- und Berufsk\u00f6che, Angler und Fischer sowie f\u00fcr alle R\u00e4ucher- und Grillfreunde!<\/p>\n<p>Gebundene Ausgabe, 192 Seiten<\/p>\n","protected":false},"excerpt":{"rendered":"<p>HC<\/p>\n","protected":false},"featured_media":12137,"template":"","meta":[],"product_brand":[],"product_cat":[185,206],"product_tag":[361,434,220],"class_list":{"0":"post-3362","1":"product","2":"type-product","3":"status-publish","4":"has-post-thumbnail","6":"product_cat-literatur","7":"product_cat-naturkost","8":"product_tag-bauanleitungen","9":"product_tag-fisch","10":"product_tag-selbstversorger","11":"product_shipping_class-paket","13":"first","14":"onbackorder","15":"taxable","16":"shipping-taxable","17":"purchasable","18":"product-type-simple"},"_links":{"self":[{"href":"https:\/\/shop.mittgard.de\/index.php?rest_route=\/wp\/v2\/product\/3362","targetHints":{"allow":["GET"]}}],"collection":[{"href":"https:\/\/shop.mittgard.de\/index.php?rest_route=\/wp\/v2\/product"}],"about":[{"href":"https:\/\/shop.mittgard.de\/index.php?rest_route=\/wp\/v2\/types\/product"}],"wp:featuredmedia":[{"embeddable":true,"href":"https:\/\/shop.mittgard.de\/index.php?rest_route=\/wp\/v2\/media\/12137"}],"wp:attachment":[{"href":"https:\/\/shop.mittgard.de\/index.php?rest_route=%2Fwp%2Fv2%2Fmedia&parent=3362"}],"wp:term":[{"taxonomy":"product_brand","embeddable":true,"href":"https:\/\/shop.mittgard.de\/index.php?rest_route=%2Fwp%2Fv2%2Fproduct_brand&post=3362"},{"taxonomy":"product_cat","embeddable":true,"href":"https:\/\/shop.mittgard.de\/index.php?rest_route=%2Fwp%2Fv2%2Fproduct_cat&post=3362"},{"taxonomy":"product_tag","embeddable":true,"href":"https:\/\/shop.mittgard.de\/index.php?rest_route=%2Fwp%2Fv2%2Fproduct_tag&post=3362"}],"curies":[{"name":"wp","href":"https:\/\/api.w.org\/{rel}","templated":true}]}}