{"id":3369,"date":"2018-07-14T12:15:49","date_gmt":"2018-07-14T10:15:49","guid":{"rendered":"http:\/\/shop.mittgard.de\/?product=import-placeholder-for-3431"},"modified":"2025-10-06T12:51:26","modified_gmt":"2025-10-06T10:51:26","slug":"sievers-fleisch-selbst-trocknen","status":"publish","type":"product","link":"https:\/\/shop.mittgard.de\/?product=sievers-fleisch-selbst-trocknen","title":{"rendered":"Sievers &#8222;Fleisch selbst trocknen&#8220;"},"content":{"rendered":"<p>Biltong, Trockenfleisch, Rohw\u00fcrste, Salami, Schinken<\/p>\n<p>&#8222;Selbst gemacht&#8220; &#8211; dieser Trend ist nicht mehr aufzuhalten und hat auch Einzug in die K\u00fcche gefunden! Mit dem vorliegenden Buch zeigt der renommierte Koch und Kochbuchautor Gerd Wolfgang Sievers anschaulich, wie sich Genie\u00dfer origineller Spezialit\u00e4ten an die Haltbarmachung mittels Trocknung von Fleisch heranwagen k\u00f6nnen.<\/p>\n<p>Prosciutto, B\u00fcndner Fleisch, Gurktaler Luftgeselchter, Bauernsalami, aber auch Ausgefallenes wie Jerky oder Biltong &#8211; traditionelle Trockenfleischspezialit\u00e4ten aus Amerika und Afrika &#8211; haben l\u00e4ngst den Weg von der urspr\u00fcnglichen Funktion der Haltbarmachung hin zu \u00fcberregional bekannten Gaumenfreuden genommen. Das bis dato konkurrenzlose Werk zeigt, wie die Erzeugung dieser und vieler weiterer K\u00f6stlichkeiten einfach zu Hause funktioniert.<\/p>\n<p>Angefangen bei den theoretischen Grundlagen zum P\u00f6keln, Trocknen und der Auswahl des Fleisches zeigt der Autor, wie verschiedene Fleischst\u00fccke richtig mariniert, gep\u00f6kelt und anschlie\u00dfend getrocknet werden.<\/p>\n<p>Die umfangreiche Auswahl an Rezepten aus aller Welt stellt sicher, da\u00df jeder Geschmack zufriedengestellt wird und da\u00df einem das Wasser schon w\u00e4hrend der Lekt\u00fcre des Buches auf der Zunge zusammenl\u00e4uft.<\/p>\n<p>Gebundene Ausgabe, 152 Seiten<\/p>\n","protected":false},"excerpt":{"rendered":"<p>HC<\/p>\n","protected":false},"featured_media":10526,"template":"","meta":[],"product_brand":[],"product_cat":[185,206],"product_tag":[222,220],"class_list":{"0":"post-3369","1":"product","2":"type-product","3":"status-publish","4":"has-post-thumbnail","6":"product_cat-literatur","7":"product_cat-naturkost","8":"product_tag-fleisch","9":"product_tag-selbstversorger","10":"product_shipping_class-paket","12":"first","13":"onbackorder","14":"taxable","15":"shipping-taxable","16":"purchasable","17":"product-type-simple"},"_links":{"self":[{"href":"https:\/\/shop.mittgard.de\/index.php?rest_route=\/wp\/v2\/product\/3369","targetHints":{"allow":["GET"]}}],"collection":[{"href":"https:\/\/shop.mittgard.de\/index.php?rest_route=\/wp\/v2\/product"}],"about":[{"href":"https:\/\/shop.mittgard.de\/index.php?rest_route=\/wp\/v2\/types\/product"}],"wp:featuredmedia":[{"embeddable":true,"href":"https:\/\/shop.mittgard.de\/index.php?rest_route=\/wp\/v2\/media\/10526"}],"wp:attachment":[{"href":"https:\/\/shop.mittgard.de\/index.php?rest_route=%2Fwp%2Fv2%2Fmedia&parent=3369"}],"wp:term":[{"taxonomy":"product_brand","embeddable":true,"href":"https:\/\/shop.mittgard.de\/index.php?rest_route=%2Fwp%2Fv2%2Fproduct_brand&post=3369"},{"taxonomy":"product_cat","embeddable":true,"href":"https:\/\/shop.mittgard.de\/index.php?rest_route=%2Fwp%2Fv2%2Fproduct_cat&post=3369"},{"taxonomy":"product_tag","embeddable":true,"href":"https:\/\/shop.mittgard.de\/index.php?rest_route=%2Fwp%2Fv2%2Fproduct_tag&post=3369"}],"curies":[{"name":"wp","href":"https:\/\/api.w.org\/{rel}","templated":true}]}}