{"id":3404,"date":"2018-07-14T12:16:00","date_gmt":"2018-07-14T10:16:00","guid":{"rendered":"http:\/\/shop.mittgard.de\/?product=import-placeholder-for-3466"},"modified":"2024-12-15T15:09:03","modified_gmt":"2024-12-15T14:09:03","slug":"diverse-das-nibelungenlied","status":"publish","type":"product","link":"https:\/\/shop.mittgard.de\/?product=diverse-das-nibelungenlied","title":{"rendered":"Diverse &#8222;Das Nibelungenlied&#8220;"},"content":{"rendered":"<p>Das Nibelungenlied entstand zu Beginn des 13.Jahrhunderts und ist ein schriftlich \u00fcberliefertes deutsches &#8222;Heldenepos&#8220;, deren Ursprung der Handlung bis in das Zeitalter der germanischen V\u00f6lkerwanderung zur\u00fcckreicht.<\/p>\n<p>Der vorliegende Text folgt der neuhochdeutschen \u00dcbersetzung von Karl Simrock, die erstmals 1827 erschien.<\/p>\n<p>Gebundene Ausgabe, 430 Seiten<\/p>\n","protected":false},"excerpt":{"rendered":"<p>Geb<\/p>\n","protected":false},"featured_media":23504,"template":"","meta":[],"product_brand":[],"product_cat":[193,185,209],"product_tag":[336,530,305],"class_list":{"0":"post-3404","1":"product","2":"type-product","3":"status-publish","4":"has-post-thumbnail","6":"product_cat-germanen","7":"product_cat-literatur","8":"product_cat-romane-dichtungen","9":"product_tag-germanen","10":"product_tag-nibelungen","11":"product_tag-sagen","12":"product_shipping_class-paket","14":"first","15":"onbackorder","16":"taxable","17":"shipping-taxable","18":"purchasable","19":"product-type-simple"},"_links":{"self":[{"href":"https:\/\/shop.mittgard.de\/index.php?rest_route=\/wp\/v2\/product\/3404","targetHints":{"allow":["GET"]}}],"collection":[{"href":"https:\/\/shop.mittgard.de\/index.php?rest_route=\/wp\/v2\/product"}],"about":[{"href":"https:\/\/shop.mittgard.de\/index.php?rest_route=\/wp\/v2\/types\/product"}],"wp:featuredmedia":[{"embeddable":true,"href":"https:\/\/shop.mittgard.de\/index.php?rest_route=\/wp\/v2\/media\/23504"}],"wp:attachment":[{"href":"https:\/\/shop.mittgard.de\/index.php?rest_route=%2Fwp%2Fv2%2Fmedia&parent=3404"}],"wp:term":[{"taxonomy":"product_brand","embeddable":true,"href":"https:\/\/shop.mittgard.de\/index.php?rest_route=%2Fwp%2Fv2%2Fproduct_brand&post=3404"},{"taxonomy":"product_cat","embeddable":true,"href":"https:\/\/shop.mittgard.de\/index.php?rest_route=%2Fwp%2Fv2%2Fproduct_cat&post=3404"},{"taxonomy":"product_tag","embeddable":true,"href":"https:\/\/shop.mittgard.de\/index.php?rest_route=%2Fwp%2Fv2%2Fproduct_tag&post=3404"}],"curies":[{"name":"wp","href":"https:\/\/api.w.org\/{rel}","templated":true}]}}