{"id":3415,"date":"2018-07-14T12:16:02","date_gmt":"2018-07-14T10:16:02","guid":{"rendered":"http:\/\/shop.mittgard.de\/?product=import-placeholder-for-3477"},"modified":"2026-03-19T12:42:09","modified_gmt":"2026-03-19T11:42:09","slug":"hansen-walter-o-mordgeschrey-o-uebelthat","status":"publish","type":"product","link":"https:\/\/shop.mittgard.de\/?product=hansen-walter-o-mordgeschrey-o-uebelthat","title":{"rendered":"Hansen, Walter &#8222;O Mordgeschrey, o Uebelthat&#8220;"},"content":{"rendered":"<p>Moritaten, Drehorgellieder, Halunkenpoesie<\/p>\n<p>Eine sensationelle Sammlung an Texten und Melodien<\/p>\n<p>In fr\u00fcheren Zeiten mussten sich die Jahrmarkts\u00e4nger und Moritatenm\u00e4nner gegen viele andere Unterhalter wie Gaukler, B\u00e4rentreiber, Possenrei\u00dfer, Zauberk\u00fcnstler oder Wunder\u00e4rzte durchsetzen. Sie mussten einzigartig sein &#8211; und dies gelang ihnen mit Spannung und Tempo. Ihre Darbietungen waren pfiffig, rasant, dramatisch extrem zugespitzt, abgezielt auf den spontanen Gef\u00fchlsausbrauch des Publikums, keine Sekunde langweilig mit schwungvollen Melodien. Dieses neue Werk bietet Ihnen &#8211; neben vielen Hintergrundinformationen und begleitenden Abbildungen &#8211; die originellsten und spannendsten Jahrmarktlieder aus fr\u00fcheren Jahrhunderten mit einem \u00fcberraschend hohen Anteil mittelalterlicher Lieder inklusive dazugeh\u00f6riger Melodien!<\/p>\n<p>Die Balladen und Moritate vermitteln ein Gef\u00fchl fr\u00fcherer Unterhaltung, sei es die Moritat von Elisabeth und dem R\u00e4uber auf der Wartburg 1221, die Jahrmarktballade zum Verrat und zur K\u00f6pfung von Klaus St\u00f6rtebecker 1401, sei es die Verurteilung als Hexe der Baderstochter Agnes Bernauer im Jahre 1435 und viele andere. Das Buch enth\u00e4lt eine F\u00fclle an Liedern \u00fcber Mordtaten, R\u00e4ubereien und Heldentaten, historische Gestalten wie Minnes\u00e4nger Tannh\u00e4user, Friedrich Barbarossa, ber\u00fchmte Verbrecher wie Rinaldo Rinaldini oder Schinderhannes, \u00fcber Burggespenster, Geisterreiter und Teufelsb\u00fcndner. Geradezu sensationell ist hierbei die gro\u00dfe Anzahl an Notationen, die der Herausgeber f\u00fcr dieses Buch auffinden konnte. Wo zum Beispiel findet der interessierte Leser heutzutage die Melodie zum j\u00fcngeren Hildebrandslied aus dem 13. Jahrhundert?!<\/p>\n<p>Gebundene Ausgabe, 160 Seiten<\/p>\n<p>&nbsp;<\/p>\n","protected":false},"excerpt":{"rendered":"<p>HC<\/p>\n","protected":false},"featured_media":7088,"template":"","meta":[],"product_brand":[],"product_cat":[185,199,209],"product_tag":[879,400,236,395],"class_list":{"0":"post-3415","1":"product","2":"type-product","3":"status-publish","4":"has-post-thumbnail","6":"product_cat-literatur","7":"product_cat-musik","8":"product_cat-romane-dichtungen","9":"product_tag-jahrmarkt","10":"product_tag-lieder","11":"product_tag-mittelalter","12":"product_tag-raeuber","13":"product_shipping_class-paket","15":"first","16":"instock","17":"taxable","18":"shipping-taxable","19":"purchasable","20":"product-type-simple"},"_links":{"self":[{"href":"https:\/\/shop.mittgard.de\/index.php?rest_route=\/wp\/v2\/product\/3415","targetHints":{"allow":["GET"]}}],"collection":[{"href":"https:\/\/shop.mittgard.de\/index.php?rest_route=\/wp\/v2\/product"}],"about":[{"href":"https:\/\/shop.mittgard.de\/index.php?rest_route=\/wp\/v2\/types\/product"}],"wp:featuredmedia":[{"embeddable":true,"href":"https:\/\/shop.mittgard.de\/index.php?rest_route=\/wp\/v2\/media\/7088"}],"wp:attachment":[{"href":"https:\/\/shop.mittgard.de\/index.php?rest_route=%2Fwp%2Fv2%2Fmedia&parent=3415"}],"wp:term":[{"taxonomy":"product_brand","embeddable":true,"href":"https:\/\/shop.mittgard.de\/index.php?rest_route=%2Fwp%2Fv2%2Fproduct_brand&post=3415"},{"taxonomy":"product_cat","embeddable":true,"href":"https:\/\/shop.mittgard.de\/index.php?rest_route=%2Fwp%2Fv2%2Fproduct_cat&post=3415"},{"taxonomy":"product_tag","embeddable":true,"href":"https:\/\/shop.mittgard.de\/index.php?rest_route=%2Fwp%2Fv2%2Fproduct_tag&post=3415"}],"curies":[{"name":"wp","href":"https:\/\/api.w.org\/{rel}","templated":true}]}}