{"id":3418,"date":"2018-07-14T12:16:08","date_gmt":"2018-07-14T10:16:08","guid":{"rendered":"http:\/\/shop.mittgard.de\/?product=import-placeholder-for-3480"},"modified":"2024-12-16T13:11:52","modified_gmt":"2024-12-16T12:11:52","slug":"jahnke-alex-neues-aus-neuschwabenland","status":"publish","type":"product","link":"https:\/\/shop.mittgard.de\/?product=jahnke-alex-neues-aus-neuschwabenland","title":{"rendered":"Jahnke, Alex &#8222;Neues aus Neuschwabenland&#8220;"},"content":{"rendered":"<p>Aus den Tageb\u00fcchern des F\u00fchrers f\u00fcr alle, die \u00fcber die ganzen Reichsflugscheiben-Hysteriker einfach mal kr\u00e4ftig ablachen wollen!<\/p>\n<p>Wir befinden uns im Jahre 80 n.d.ZW (nach dem zweiten Weltkrieg). Die ganze Welt ist von den Nazis befreit\u2026 Die ganze Welt? Nein! Ein von unbeugsamen Nazis bev\u00f6lkertes Land h\u00f6rt nicht auf, den rassismusfreien Ideen Widerstand zu leisten. Und das Leben ist nicht leicht f\u00fcr Nationalsozialisten, die als Besatzung in den befestigten Lagern Neuschwabenlands leben.<\/p>\n<p>Verschw\u00f6rungstheoretiker behaupten seit unz\u00e4hligen Jahren, da\u00df in Neuschwabenland eine Kolonie von Nazis lebe und auf ihre R\u00fcckkehr warte. Sie bewegen sich mit Reichsflugscheiben fort, angetrieben von einer kosmischen Kraft namens Vril.<\/p>\n<p>Was w\u00e4re, wenn diese Verschw\u00f6rungstheoretiker Recht h\u00e4tten, d\u00fcrfte man sich dann \u00fcber sie lustig machen? Mann darf! Zumindest wenn dieser Mann Alex Jahnke hei\u00dft&#8230;<\/p>\n<p>Broschiert, 232 Seiten<\/p>\n","protected":false},"excerpt":{"rendered":"<p>TB<\/p>\n","protected":false},"featured_media":4241,"template":"","meta":[],"product_brand":[],"product_cat":[185,209],"product_tag":[439,440],"class_list":{"0":"post-3418","1":"product","2":"type-product","3":"status-publish","4":"has-post-thumbnail","6":"product_cat-literatur","7":"product_cat-romane-dichtungen","8":"product_tag-humor","9":"product_tag-nazis","10":"product_shipping_class-paket","12":"first","13":"onbackorder","14":"taxable","15":"shipping-taxable","16":"purchasable","17":"product-type-simple"},"_links":{"self":[{"href":"https:\/\/shop.mittgard.de\/index.php?rest_route=\/wp\/v2\/product\/3418","targetHints":{"allow":["GET"]}}],"collection":[{"href":"https:\/\/shop.mittgard.de\/index.php?rest_route=\/wp\/v2\/product"}],"about":[{"href":"https:\/\/shop.mittgard.de\/index.php?rest_route=\/wp\/v2\/types\/product"}],"wp:featuredmedia":[{"embeddable":true,"href":"https:\/\/shop.mittgard.de\/index.php?rest_route=\/wp\/v2\/media\/4241"}],"wp:attachment":[{"href":"https:\/\/shop.mittgard.de\/index.php?rest_route=%2Fwp%2Fv2%2Fmedia&parent=3418"}],"wp:term":[{"taxonomy":"product_brand","embeddable":true,"href":"https:\/\/shop.mittgard.de\/index.php?rest_route=%2Fwp%2Fv2%2Fproduct_brand&post=3418"},{"taxonomy":"product_cat","embeddable":true,"href":"https:\/\/shop.mittgard.de\/index.php?rest_route=%2Fwp%2Fv2%2Fproduct_cat&post=3418"},{"taxonomy":"product_tag","embeddable":true,"href":"https:\/\/shop.mittgard.de\/index.php?rest_route=%2Fwp%2Fv2%2Fproduct_tag&post=3418"}],"curies":[{"name":"wp","href":"https:\/\/api.w.org\/{rel}","templated":true}]}}