{"id":3433,"date":"2018-07-14T12:16:10","date_gmt":"2018-07-14T10:16:10","guid":{"rendered":"http:\/\/shop.mittgard.de\/?product=import-placeholder-for-3495"},"modified":"2026-02-23T10:04:46","modified_gmt":"2026-02-23T09:04:46","slug":"meyer-duke-das-lied-der-eibe","status":"publish","type":"product","link":"https:\/\/shop.mittgard.de\/?product=meyer-duke-das-lied-der-eibe","title":{"rendered":"Meyer, Duke &#8222;Das Lied der Eibe&#8220;"},"content":{"rendered":"<p>Eine Runen-Reise durch das \u00e4ltere Futhark<\/p>\n<p>Vergesst Runenb\u00fccher &#8211; oder noch besser: Vergleicht sie mit diesem. Das Lied der Eibe ist ein Runen-Rausch, mehr Rock&#8217;n Roll als Ballade, ein mitrei\u00dfendes Wortkonzert, leidenschaftlich, wild und z\u00e4rtlich &#8211; und zwischen Humor und Scharfsinn immer poetisch, mit einem ausgepr\u00e4gten Faible f\u00fcr originelle Sprachbilder\u00b4. Duke Meyers unverwechselbarer Stil verbindet fundierte Sachkenntnis mit pers\u00f6nlichen Erfahrungen und Interpretationen &#8211; und entlarvt nebenbei v\u00f6lkische Ideologie hinter mancher g\u00e4ngigen Deutung.<\/p>\n<p>Das \u00e4lteste germanische Runensystem als magische Matrix der Seele und f\u00fcr menschliches Miteinander &#8211; der Fokus liegt dabei weniger auf den einzelnen Runen, stattdessen stellt der Autor sie miteinander und mit der menschlichen Psyche in Beziehung &#8211; und veranschaulicht mit manchem Beispiel aus eigenen Abgr\u00fcnden. Duke Meyer zeigt, wie sich Runen heute nutzen lassen: als Denksystem im Alltag und auf der Suche nach Erkenntnissen \u00fcber das eigene Ich, die kleinen und die gr\u00f6\u00dferen Zusammenh\u00e4nge&#8230;<\/p>\n<p>Broschiert, 400 Seiten<\/p>\n","protected":false},"excerpt":{"rendered":"<p>Br<\/p>\n","protected":false},"featured_media":4258,"template":"","meta":[],"product_brand":[],"product_cat":[191,185],"product_tag":[319],"class_list":{"0":"post-3433","1":"product","2":"type-product","3":"status-publish","4":"has-post-thumbnail","6":"product_cat-divination-orakel","7":"product_cat-literatur","8":"product_tag-runen","9":"product_shipping_class-paket","11":"first","12":"onbackorder","13":"taxable","14":"shipping-taxable","15":"purchasable","16":"product-type-simple"},"_links":{"self":[{"href":"https:\/\/shop.mittgard.de\/index.php?rest_route=\/wp\/v2\/product\/3433","targetHints":{"allow":["GET"]}}],"collection":[{"href":"https:\/\/shop.mittgard.de\/index.php?rest_route=\/wp\/v2\/product"}],"about":[{"href":"https:\/\/shop.mittgard.de\/index.php?rest_route=\/wp\/v2\/types\/product"}],"wp:featuredmedia":[{"embeddable":true,"href":"https:\/\/shop.mittgard.de\/index.php?rest_route=\/wp\/v2\/media\/4258"}],"wp:attachment":[{"href":"https:\/\/shop.mittgard.de\/index.php?rest_route=%2Fwp%2Fv2%2Fmedia&parent=3433"}],"wp:term":[{"taxonomy":"product_brand","embeddable":true,"href":"https:\/\/shop.mittgard.de\/index.php?rest_route=%2Fwp%2Fv2%2Fproduct_brand&post=3433"},{"taxonomy":"product_cat","embeddable":true,"href":"https:\/\/shop.mittgard.de\/index.php?rest_route=%2Fwp%2Fv2%2Fproduct_cat&post=3433"},{"taxonomy":"product_tag","embeddable":true,"href":"https:\/\/shop.mittgard.de\/index.php?rest_route=%2Fwp%2Fv2%2Fproduct_tag&post=3433"}],"curies":[{"name":"wp","href":"https:\/\/api.w.org\/{rel}","templated":true}]}}