{"id":3435,"date":"2018-07-14T12:16:10","date_gmt":"2018-07-14T10:16:10","guid":{"rendered":"http:\/\/shop.mittgard.de\/?product=import-placeholder-for-3497"},"modified":"2025-12-05T09:51:46","modified_gmt":"2025-12-05T08:51:46","slug":"thorsson-edred-nordische-magie","status":"publish","type":"product","link":"https:\/\/shop.mittgard.de\/?product=thorsson-edred-nordische-magie","title":{"rendered":"Thorsson, Edred &#8222;Nordische Magie&#8220;"},"content":{"rendered":"<p>Schamanismus und die Runengeheimnisse &#8211; ein Crashkurs in magischer Praxis!<\/p>\n<p>Folgen Sie Edred Thorsson auf eine Reise zu den magischen Welten der nordischen G\u00f6tter.<\/p>\n<p>&#8222;\u2026 Hoch oben in einem Wolkenkratzer in einer Gro\u00dfstadt ritzt ein Runenmeister seinen Willen in die ureigene Matrix des Universums. Er ritzt die alten Zeichen und singt die uralten Runenlieder&#8230;&#8220;<\/p>\n<p>Spannungsreich berichtet Thorsson vom germanischen Glauben und erl\u00e4utert die Ausbildung zum &#8222;Wissenden&#8220; und &#8222;Runenmeister&#8220;. Vor allem aber zeigt er mit vielen anschaulichen Beispielen alte und neue schamanische und magische Praktiken.<\/p>\n<p>Eine Besonderheit liegt dabei in der Deutung des j\u00fcngeren Futhark und der Erl\u00e4uterung der Unterschiede zum h\u00e4ufig genutzten \u00e4lteren Futhark.<\/p>\n<p>Dar\u00fcber hinaus f\u00fchrt er den Leser in die Magie der isl\u00e4ndischen Galdor-St\u00e4be ein und er\u00f6rtert die Wirkungsweise von Hex-Zeichen.<\/p>\n<p>Broschiert, 192 Seiten<\/p>\n","protected":false},"excerpt":{"rendered":"<p>PB<\/p>\n","protected":false},"featured_media":9302,"template":"","meta":[],"product_brand":[],"product_cat":[191,185,198],"product_tag":[376,319,365],"class_list":{"0":"post-3435","1":"product","2":"type-product","3":"status-publish","4":"has-post-thumbnail","6":"product_cat-divination-orakel","7":"product_cat-literatur","8":"product_cat-magie","9":"product_tag-magie","10":"product_tag-runen","11":"product_tag-schamanismus","12":"product_shipping_class-paket","14":"first","15":"onbackorder","16":"taxable","17":"shipping-taxable","18":"purchasable","19":"product-type-simple"},"_links":{"self":[{"href":"https:\/\/shop.mittgard.de\/index.php?rest_route=\/wp\/v2\/product\/3435","targetHints":{"allow":["GET"]}}],"collection":[{"href":"https:\/\/shop.mittgard.de\/index.php?rest_route=\/wp\/v2\/product"}],"about":[{"href":"https:\/\/shop.mittgard.de\/index.php?rest_route=\/wp\/v2\/types\/product"}],"wp:featuredmedia":[{"embeddable":true,"href":"https:\/\/shop.mittgard.de\/index.php?rest_route=\/wp\/v2\/media\/9302"}],"wp:attachment":[{"href":"https:\/\/shop.mittgard.de\/index.php?rest_route=%2Fwp%2Fv2%2Fmedia&parent=3435"}],"wp:term":[{"taxonomy":"product_brand","embeddable":true,"href":"https:\/\/shop.mittgard.de\/index.php?rest_route=%2Fwp%2Fv2%2Fproduct_brand&post=3435"},{"taxonomy":"product_cat","embeddable":true,"href":"https:\/\/shop.mittgard.de\/index.php?rest_route=%2Fwp%2Fv2%2Fproduct_cat&post=3435"},{"taxonomy":"product_tag","embeddable":true,"href":"https:\/\/shop.mittgard.de\/index.php?rest_route=%2Fwp%2Fv2%2Fproduct_tag&post=3435"}],"curies":[{"name":"wp","href":"https:\/\/api.w.org\/{rel}","templated":true}]}}