{"id":3461,"date":"2018-07-14T12:16:20","date_gmt":"2018-07-14T10:16:20","guid":{"rendered":"http:\/\/shop.mittgard.de\/?product=import-placeholder-for-3523"},"modified":"2024-12-16T13:15:49","modified_gmt":"2024-12-16T12:15:49","slug":"ritter-hermann-arbeitsbuch-moderne-naturspiritualitaet","status":"publish","type":"product","link":"https:\/\/shop.mittgard.de\/?product=ritter-hermann-arbeitsbuch-moderne-naturspiritualitaet","title":{"rendered":"Ritter, Hermann &#8222;Arbeitsbuch moderne Naturspiritualit\u00e4t&#8220;"},"content":{"rendered":"<p>Das Wissen der weisen Frauen und M\u00e4nner<\/p>\n<p>&#8222;Wir haben viel verlernt in den letzten Jahrhunderten. Die Naturspiritualit\u00e4t ist ein Weg, um einen Teil dieses Wissens wieder zu erlernen und f\u00fcr uns selbst zu gewinnen. Und wenn man dieses Wissen f\u00fcr sich selbst gewonnen hat, dann kann man aus dieser Kraft sch\u00f6pfen und die eigenen Umwelt (Familie, Kollegen, Freunde) erfreuen und gl\u00fccklich machen. Naturspiritualit\u00e4t ist das Wissen um das Bewusstsein der Natur, um das Bewusstsein der Sch\u00f6pfung, um das Bewusstsein alles Lebens um uns herum. Naturspiritualit\u00e4t ist der Versuch, eine Denkrichtung zu benennen, in der wir Menschen nicht die Krone der Sch\u00f6pfung sind, sondern gleichberechtigt neben allen anderen Gesch\u00f6pfen stehen. Wenn wir die Natur nicht beherrschen, sondern mit ihr zusammen leben, dann pr\u00e4gt das unseren Umgang mit der Natur.<\/p>\n<p>Naturspiritualit\u00e4t hei\u00dft auch, dass wir uns einer anderen Art des Begreifens widmen m\u00fcssen. Wir k\u00f6nnen nicht l\u00e4nger alle Dinge nur verstehen und \u00fcber den Verstand erkl\u00e4ren. Wir m\u00fcssen lernen, Dinge zu erf\u00fchlen, zu erfassen und zu erfragen, sie zu verstehen, zu verehren und zu verzaubern.<\/p>\n<p>In diesem Buch geht es unter anderem um magische Orte, um Wissen und das Erlangen desselben, um Lernen allgemein; genauso geht es um Magie, den Kreis der Zeit durch das Jahr und durch das Leben. Es geht um M\u00e4rchen, Zauber, Wunder, um den eigenen K\u00f6rper, das Ged\u00e4chtnis, vermeintliche Supermagier und immer wieder um das Hinterfragen.&#8220;<\/p>\n<p>Broschiert, 168 Seiten<\/p>\n","protected":false},"excerpt":{"rendered":"<p>Kt<\/p>\n","protected":false},"featured_media":4272,"template":"","meta":[],"product_brand":[],"product_cat":[195,185,211],"product_tag":[320,376,448],"class_list":{"0":"post-3461","1":"product","2":"type-product","3":"status-publish","4":"has-post-thumbnail","6":"product_cat-hexentum-schamanismus","7":"product_cat-literatur","8":"product_cat-sachbuch-lexika","9":"product_tag-hexen","10":"product_tag-magie","11":"product_tag-naturspiritualitaet","12":"product_shipping_class-paket","14":"first","15":"onbackorder","16":"taxable","17":"shipping-taxable","18":"purchasable","19":"product-type-simple"},"_links":{"self":[{"href":"https:\/\/shop.mittgard.de\/index.php?rest_route=\/wp\/v2\/product\/3461","targetHints":{"allow":["GET"]}}],"collection":[{"href":"https:\/\/shop.mittgard.de\/index.php?rest_route=\/wp\/v2\/product"}],"about":[{"href":"https:\/\/shop.mittgard.de\/index.php?rest_route=\/wp\/v2\/types\/product"}],"wp:featuredmedia":[{"embeddable":true,"href":"https:\/\/shop.mittgard.de\/index.php?rest_route=\/wp\/v2\/media\/4272"}],"wp:attachment":[{"href":"https:\/\/shop.mittgard.de\/index.php?rest_route=%2Fwp%2Fv2%2Fmedia&parent=3461"}],"wp:term":[{"taxonomy":"product_brand","embeddable":true,"href":"https:\/\/shop.mittgard.de\/index.php?rest_route=%2Fwp%2Fv2%2Fproduct_brand&post=3461"},{"taxonomy":"product_cat","embeddable":true,"href":"https:\/\/shop.mittgard.de\/index.php?rest_route=%2Fwp%2Fv2%2Fproduct_cat&post=3461"},{"taxonomy":"product_tag","embeddable":true,"href":"https:\/\/shop.mittgard.de\/index.php?rest_route=%2Fwp%2Fv2%2Fproduct_tag&post=3461"}],"curies":[{"name":"wp","href":"https:\/\/api.w.org\/{rel}","templated":true}]}}