{"id":3468,"date":"2018-07-14T12:16:21","date_gmt":"2018-07-14T10:16:21","guid":{"rendered":"http:\/\/shop.mittgard.de\/?product=import-placeholder-for-3530"},"modified":"2024-06-04T09:26:05","modified_gmt":"2024-06-04T07:26:05","slug":"ackermann-erich-sagen-des-mittelalters","status":"publish","type":"product","link":"https:\/\/shop.mittgard.de\/?product=ackermann-erich-sagen-des-mittelalters","title":{"rendered":"Ackermann, Erich &#8222;Sagen des Mittelalters&#8220;"},"content":{"rendered":"<p>Im reichen Sagenschatz des europ\u00e4ischen Mittelalters spiegelt sich die Weltsicht des h\u00f6fischen Adels: Ein Held wird nur, wer sich durch ritterliche Tugenden wie Tapferkeit, Treue und Ehre auszeichnet. Doch neben den typischen Heldensagen um ber\u00fchmte Figuren wie Lohengrin, Roland oder K\u00f6nig Artus und seine Tafelrunde gibt es auch immer wieder Geschichten um Minne und Liebe, ebenso wie fabelhafte Erz\u00e4hlungen von uralten d\u00e4monischen Wesen. Durch die sorgf\u00e4ltige Textauswahl bietet dieser Band einen umfassenden Einblick in die Vielfalt der mittelalterlichen Sagenwelt.<\/p>\n<p>Gebundene Ausgabe, 320 Seiten<\/p>\n","protected":false},"excerpt":{"rendered":"<p>Geb<\/p>\n","protected":false},"featured_media":15520,"template":"","meta":[],"product_brand":[],"product_cat":[185,212],"product_tag":[236,338,305],"class_list":{"0":"post-3468","1":"product","2":"type-product","3":"status-publish","4":"has-post-thumbnail","6":"product_cat-literatur","7":"product_cat-sagen","8":"product_tag-mittelalter","9":"product_tag-ritter","10":"product_tag-sagen","11":"product_shipping_class-paket","13":"first","14":"onbackorder","15":"taxable","16":"shipping-taxable","17":"purchasable","18":"product-type-simple"},"_links":{"self":[{"href":"https:\/\/shop.mittgard.de\/index.php?rest_route=\/wp\/v2\/product\/3468","targetHints":{"allow":["GET"]}}],"collection":[{"href":"https:\/\/shop.mittgard.de\/index.php?rest_route=\/wp\/v2\/product"}],"about":[{"href":"https:\/\/shop.mittgard.de\/index.php?rest_route=\/wp\/v2\/types\/product"}],"wp:featuredmedia":[{"embeddable":true,"href":"https:\/\/shop.mittgard.de\/index.php?rest_route=\/wp\/v2\/media\/15520"}],"wp:attachment":[{"href":"https:\/\/shop.mittgard.de\/index.php?rest_route=%2Fwp%2Fv2%2Fmedia&parent=3468"}],"wp:term":[{"taxonomy":"product_brand","embeddable":true,"href":"https:\/\/shop.mittgard.de\/index.php?rest_route=%2Fwp%2Fv2%2Fproduct_brand&post=3468"},{"taxonomy":"product_cat","embeddable":true,"href":"https:\/\/shop.mittgard.de\/index.php?rest_route=%2Fwp%2Fv2%2Fproduct_cat&post=3468"},{"taxonomy":"product_tag","embeddable":true,"href":"https:\/\/shop.mittgard.de\/index.php?rest_route=%2Fwp%2Fv2%2Fproduct_tag&post=3468"}],"curies":[{"name":"wp","href":"https:\/\/api.w.org\/{rel}","templated":true}]}}