{"id":3470,"date":"2018-07-14T12:16:22","date_gmt":"2018-07-14T10:16:22","guid":{"rendered":"http:\/\/shop.mittgard.de\/?product=import-placeholder-for-3532"},"modified":"2024-12-15T12:51:14","modified_gmt":"2024-12-15T11:51:14","slug":"detering-monika-sagen-und-legenden-aus-westfalen","status":"publish","type":"product","link":"https:\/\/shop.mittgard.de\/?product=detering-monika-sagen-und-legenden-aus-westfalen","title":{"rendered":"Detering, Monika &#8222;Sagen und Legenden aus Westfalen&#8220;"},"content":{"rendered":"<p>Von H\u00fcnen, Zwergen und dem Teufel selbst<\/p>\n<p>Ein wunderbares Buch zu den Mythen aus dem historisch so bedeutsamen Westfalen! Und es ist naheliegend, dass die Autorin in ihrer eigenen sch\u00f6nen Sprache zun\u00e4chst erz\u00e4hlt, wie der Westfale der Sage nach \u00fcberhaupt entstand! Enorm viele Sagengestalten sind \u00fcberliefert und alleine ihre Nennung macht Lust, sich in dieses neue Werk zu vertiefen.<\/p>\n<p>Ob Sie lesen \u00fcber das T\u00e4uferreich in M\u00fcnster, den Schmied von Bielefeld, die Kinder von Hameln, die wei\u00dfe Frau zu Detmold, den hartherzigen B\u00e4cker aus Dortmund, ob sie sich \u00fcberraschen lassen von Wunderbrunnen, Tauben, H\u00fcnen, Zwergen, Scharfrichtern oder dem Teufel selbst &#8211; Sie erden dieses Buch so lange nicht aus der Hand legen k\u00f6nnen, bis sie es fertig gelesen haben.<\/p>\n<p>Monika Detering arbeitet u.a. als Puppenk\u00fcnstlerin mit zahlreichen Ausstellungen im In- und Ausland. Sie war als freue Journalistin t\u00e4tig und ver\u00f6ffentlicht heute Romane, Krimis und Kurzgeschichten. Deterung ist Mitglied bei den &#8222;M\u00f6rderischen Schwestern&#8220; und in der Schriftstellervereinigung der 42er Autoren. Im Regionalia Verlag erschien von ihr au\u00dferdem &#8222;Sagen und Legenden aus dem Ruhrgebiet&#8220;<\/p>\n<p>Gebundene Ausgabe, 160 Seiten<\/p>\n","protected":false},"excerpt":{"rendered":"<p>HC<\/p>\n","protected":false},"featured_media":11455,"template":"","meta":[],"product_brand":[],"product_cat":[187,185,212],"product_tag":[1214,307,305,1213],"class_list":{"0":"post-3470","1":"product","2":"type-product","3":"status-publish","4":"has-post-thumbnail","6":"product_cat-alternativ-reisen","7":"product_cat-literatur","8":"product_cat-sagen","9":"product_tag-externsteine","10":"product_tag-heimat","11":"product_tag-sagen","12":"product_tag-westfalen","13":"product_shipping_class-paket","15":"first","16":"onbackorder","17":"taxable","18":"shipping-taxable","19":"purchasable","20":"product-type-simple"},"_links":{"self":[{"href":"https:\/\/shop.mittgard.de\/index.php?rest_route=\/wp\/v2\/product\/3470","targetHints":{"allow":["GET"]}}],"collection":[{"href":"https:\/\/shop.mittgard.de\/index.php?rest_route=\/wp\/v2\/product"}],"about":[{"href":"https:\/\/shop.mittgard.de\/index.php?rest_route=\/wp\/v2\/types\/product"}],"wp:featuredmedia":[{"embeddable":true,"href":"https:\/\/shop.mittgard.de\/index.php?rest_route=\/wp\/v2\/media\/11455"}],"wp:attachment":[{"href":"https:\/\/shop.mittgard.de\/index.php?rest_route=%2Fwp%2Fv2%2Fmedia&parent=3470"}],"wp:term":[{"taxonomy":"product_brand","embeddable":true,"href":"https:\/\/shop.mittgard.de\/index.php?rest_route=%2Fwp%2Fv2%2Fproduct_brand&post=3470"},{"taxonomy":"product_cat","embeddable":true,"href":"https:\/\/shop.mittgard.de\/index.php?rest_route=%2Fwp%2Fv2%2Fproduct_cat&post=3470"},{"taxonomy":"product_tag","embeddable":true,"href":"https:\/\/shop.mittgard.de\/index.php?rest_route=%2Fwp%2Fv2%2Fproduct_tag&post=3470"}],"curies":[{"name":"wp","href":"https:\/\/api.w.org\/{rel}","templated":true}]}}