{"id":3477,"date":"2018-07-14T12:16:23","date_gmt":"2018-07-14T10:16:23","guid":{"rendered":"http:\/\/shop.mittgard.de\/?product=import-placeholder-for-3539"},"modified":"2024-12-16T13:17:34","modified_gmt":"2024-12-16T12:17:34","slug":"grimm-jacob-wilhelm-deutsche-sagen","status":"publish","type":"product","link":"https:\/\/shop.mittgard.de\/?product=grimm-jacob-wilhelm-deutsche-sagen","title":{"rendered":"Grimm, Jacob &#038; Wilhelm &#8222;Deutsche Sagen&#8220;"},"content":{"rendered":"<p>Die &#8222;Deutschen Sagen&#8220; sind nach den ber\u00fchmten &#8222;Kinder- und Hausm\u00e4rchen&#8220; das zweite gro\u00dfe Sammelwerk der Br\u00fcder Grimm und gelten als die bedeutendste Zusammenstellung ihrer Art. Ob Tannh\u00e4user, Lohengrin, Heinrich der L\u00f6we oder der S\u00e4ngerkrieg auf der Wartburg, ob die Geschichten vom tausendj\u00e4hrigen Rosenstock, vom Binger M\u00e4useturm, dem Rattenf\u00e4nger von Hameln oder wie Luther das Tintenfa\u00df dem Teufel an den Kopf warf: Zehn Jahre lang haben die Br\u00fcder gesammelt und schlie\u00dflich 585 Sagen unterschiedlichster Herkunft ausgew\u00e4hlt, die zum Teil auf eine \u00fcber 1500-j\u00e4hrige Erz\u00e4hltradition zur\u00fcckgehen. 1816\/18 wurde das Werk in zwei B\u00e4nden ver\u00f6ffentlicht. Es ist bis heute eine unersch\u00f6pfliche Fundgrube und ein kostbares Lesebuch.<\/p>\n<p>Gebundene Ausgabe, 656 Seiten<\/p>\n","protected":false},"excerpt":{"rendered":"<p>Geb<\/p>\n","protected":false},"featured_media":4876,"template":"","meta":[],"product_brand":[],"product_cat":[185,212],"product_tag":[499,236,305],"class_list":{"0":"post-3477","1":"product","2":"type-product","3":"status-publish","4":"has-post-thumbnail","6":"product_cat-literatur","7":"product_cat-sagen","8":"product_tag-gebrueder-grimm","9":"product_tag-mittelalter","10":"product_tag-sagen","11":"product_shipping_class-paket","13":"first","14":"onbackorder","15":"taxable","16":"shipping-taxable","17":"purchasable","18":"product-type-simple"},"_links":{"self":[{"href":"https:\/\/shop.mittgard.de\/index.php?rest_route=\/wp\/v2\/product\/3477","targetHints":{"allow":["GET"]}}],"collection":[{"href":"https:\/\/shop.mittgard.de\/index.php?rest_route=\/wp\/v2\/product"}],"about":[{"href":"https:\/\/shop.mittgard.de\/index.php?rest_route=\/wp\/v2\/types\/product"}],"wp:featuredmedia":[{"embeddable":true,"href":"https:\/\/shop.mittgard.de\/index.php?rest_route=\/wp\/v2\/media\/4876"}],"wp:attachment":[{"href":"https:\/\/shop.mittgard.de\/index.php?rest_route=%2Fwp%2Fv2%2Fmedia&parent=3477"}],"wp:term":[{"taxonomy":"product_brand","embeddable":true,"href":"https:\/\/shop.mittgard.de\/index.php?rest_route=%2Fwp%2Fv2%2Fproduct_brand&post=3477"},{"taxonomy":"product_cat","embeddable":true,"href":"https:\/\/shop.mittgard.de\/index.php?rest_route=%2Fwp%2Fv2%2Fproduct_cat&post=3477"},{"taxonomy":"product_tag","embeddable":true,"href":"https:\/\/shop.mittgard.de\/index.php?rest_route=%2Fwp%2Fv2%2Fproduct_tag&post=3477"}],"curies":[{"name":"wp","href":"https:\/\/api.w.org\/{rel}","templated":true}]}}