{"id":3485,"date":"2018-07-14T12:16:29","date_gmt":"2018-07-14T10:16:29","guid":{"rendered":"http:\/\/shop.mittgard.de\/?product=import-placeholder-for-3547"},"modified":"2024-12-16T13:18:58","modified_gmt":"2024-12-16T12:18:58","slug":"lienert-meinrad-schweizer-sagen-und-heldengeschichten","status":"publish","type":"product","link":"https:\/\/shop.mittgard.de\/?product=lienert-meinrad-schweizer-sagen-und-heldengeschichten","title":{"rendered":"Lienert, Meinrad &#8222;Schweizer Sagen und Heldengeschichten&#8220;"},"content":{"rendered":"<p>Das Drachenried<br \/>\nDrei Legenden<br \/>\nDer Friesenweg<br \/>\nKaiser Karl der Gro\u00dfe und die Schlange<br \/>\nDer Stier von Uri<br \/>\nDer Sch\u00fctze Tell<br \/>\nDer \u00fcberlistete Teufel<br \/>\nDer Stiefelreiter<br \/>\nu.v.m.<\/p>\n<p>Sagen sind m\u00fcndlich \u00fcberlieferte Erz\u00e4hlungen eines f\u00fcr wahr gehaltenen Kerns, deren Bedeutsamkeit in dem besonderen Zugang liegt, den sie zur Geschichte er\u00f6ffnen. Meinrad Lienert hatte eine besondere Gabe, Sagen zu erz\u00e4hlen! Schaurig-sch\u00f6n sind seine Geschichten von Feen und feurigen M\u00e4nnern, von Geisterpferden in der Nacht und unterirdischen Kristallgew\u00f6lben! Diese Klassiker hinterlassen beim Leser ein verzaubertes L\u00e4cheln oder sanftes Grausen &#8211; und eines ist gewi\u00df: Wer dieses Buch gelesen hat, wird nicht mehr an der Schlo\u00dfruine von Tegerfelden vorbeifahren, ohne an die alten Sagen zu denken&#8230;<\/p>\n<p>Gebundene Ausgabe, 320 Seiten<\/p>\n","protected":false},"excerpt":{"rendered":"<p>Geb<\/p>\n","protected":false},"featured_media":15914,"template":"","meta":[],"product_brand":[],"product_cat":[185,212],"product_tag":[368,307,305],"class_list":{"0":"post-3485","1":"product","2":"type-product","3":"status-publish","4":"has-post-thumbnail","6":"product_cat-literatur","7":"product_cat-sagen","8":"product_tag-alpen","9":"product_tag-heimat","10":"product_tag-sagen","11":"product_shipping_class-paket","13":"first","14":"instock","15":"taxable","16":"shipping-taxable","17":"purchasable","18":"product-type-simple"},"_links":{"self":[{"href":"https:\/\/shop.mittgard.de\/index.php?rest_route=\/wp\/v2\/product\/3485","targetHints":{"allow":["GET"]}}],"collection":[{"href":"https:\/\/shop.mittgard.de\/index.php?rest_route=\/wp\/v2\/product"}],"about":[{"href":"https:\/\/shop.mittgard.de\/index.php?rest_route=\/wp\/v2\/types\/product"}],"wp:featuredmedia":[{"embeddable":true,"href":"https:\/\/shop.mittgard.de\/index.php?rest_route=\/wp\/v2\/media\/15914"}],"wp:attachment":[{"href":"https:\/\/shop.mittgard.de\/index.php?rest_route=%2Fwp%2Fv2%2Fmedia&parent=3485"}],"wp:term":[{"taxonomy":"product_brand","embeddable":true,"href":"https:\/\/shop.mittgard.de\/index.php?rest_route=%2Fwp%2Fv2%2Fproduct_brand&post=3485"},{"taxonomy":"product_cat","embeddable":true,"href":"https:\/\/shop.mittgard.de\/index.php?rest_route=%2Fwp%2Fv2%2Fproduct_cat&post=3485"},{"taxonomy":"product_tag","embeddable":true,"href":"https:\/\/shop.mittgard.de\/index.php?rest_route=%2Fwp%2Fv2%2Fproduct_tag&post=3485"}],"curies":[{"name":"wp","href":"https:\/\/api.w.org\/{rel}","templated":true}]}}