{"id":3491,"date":"2018-07-14T12:16:30","date_gmt":"2018-07-14T10:16:30","guid":{"rendered":"http:\/\/shop.mittgard.de\/?product=import-placeholder-for-3553"},"modified":"2024-12-16T13:19:59","modified_gmt":"2024-12-16T12:19:59","slug":"petzoldt-leander-sagen-aus-oesterreich","status":"publish","type":"product","link":"https:\/\/shop.mittgard.de\/?product=petzoldt-leander-sagen-aus-oesterreich","title":{"rendered":"Petzoldt, Leander &#8222;Sagen aus \u00d6sterreich&#8220;"},"content":{"rendered":"<p>Von Wilderern, Basilisken, Wassergeistern, Kaisern, Zauberern, verborgenen Sch\u00e4tzen und Schatzh\u00fctern, Hexen und Prophezeihungen<\/p>\n<p>Alle Bundesl\u00e4nder und alle Regionen \u00d6sterreichs haben ihre eigenen Sagen, die von Generation zu Generation tradiert wurden und bis heute lebendig geblieben sind. Schier unermesslich ist der Reichtum an Geschichten, die sich um bekannte Orte und Pers\u00f6nlichkeiten ranken, die Einblicke in Denkweise und Lebensgewohnheiten der Vorfahren geben und auf spannende Weise erz\u00e4hlen, was sich in fr\u00fcheren Jahrhunderten im Lande zugetragen hat.<\/p>\n<p>Gebundene Ausgabe, 320 Seiten<\/p>\n","protected":false},"excerpt":{"rendered":"<p>Geb<\/p>\n","protected":false},"featured_media":15918,"template":"","meta":[],"product_brand":[],"product_cat":[185,212],"product_tag":[368,307,305],"class_list":{"0":"post-3491","1":"product","2":"type-product","3":"status-publish","4":"has-post-thumbnail","6":"product_cat-literatur","7":"product_cat-sagen","8":"product_tag-alpen","9":"product_tag-heimat","10":"product_tag-sagen","11":"product_shipping_class-paket","13":"first","14":"instock","15":"taxable","16":"shipping-taxable","17":"purchasable","18":"product-type-simple"},"_links":{"self":[{"href":"https:\/\/shop.mittgard.de\/index.php?rest_route=\/wp\/v2\/product\/3491","targetHints":{"allow":["GET"]}}],"collection":[{"href":"https:\/\/shop.mittgard.de\/index.php?rest_route=\/wp\/v2\/product"}],"about":[{"href":"https:\/\/shop.mittgard.de\/index.php?rest_route=\/wp\/v2\/types\/product"}],"wp:featuredmedia":[{"embeddable":true,"href":"https:\/\/shop.mittgard.de\/index.php?rest_route=\/wp\/v2\/media\/15918"}],"wp:attachment":[{"href":"https:\/\/shop.mittgard.de\/index.php?rest_route=%2Fwp%2Fv2%2Fmedia&parent=3491"}],"wp:term":[{"taxonomy":"product_brand","embeddable":true,"href":"https:\/\/shop.mittgard.de\/index.php?rest_route=%2Fwp%2Fv2%2Fproduct_brand&post=3491"},{"taxonomy":"product_cat","embeddable":true,"href":"https:\/\/shop.mittgard.de\/index.php?rest_route=%2Fwp%2Fv2%2Fproduct_cat&post=3491"},{"taxonomy":"product_tag","embeddable":true,"href":"https:\/\/shop.mittgard.de\/index.php?rest_route=%2Fwp%2Fv2%2Fproduct_tag&post=3491"}],"curies":[{"name":"wp","href":"https:\/\/api.w.org\/{rel}","templated":true}]}}