{"id":3502,"date":"2018-07-14T12:16:32","date_gmt":"2018-07-14T10:16:32","guid":{"rendered":"http:\/\/shop.mittgard.de\/?product=import-placeholder-for-3564"},"modified":"2025-08-22T15:09:54","modified_gmt":"2025-08-22T13:09:54","slug":"ackermann-erich-das-grosse-buch-der-nordischen-goetter-heldensagen","status":"publish","type":"product","link":"https:\/\/shop.mittgard.de\/?product=ackermann-erich-das-grosse-buch-der-nordischen-goetter-heldensagen","title":{"rendered":"Ackermann, Erich &#8222;Das gro\u00dfe Buch der Nordischen G\u00f6tter- &#038; Heldensagen&#8220;"},"content":{"rendered":"<p>Wenn der Skalde am lodernden Feuer seine Lieder anstimmt, geht es zur Sache: Asen k\u00e4mpfen gegen Riesen, Helden gegen Schurken und alle gegen das unabwendbare Schicksal. Im hohen Norden herrschen Allvater Odin und die Liebesg\u00f6ttin Freya, dort gehen Helden wie der listige Loki auf Abenteuerfahrt und bev\u00f6lkern Ungeheuer aller Art die rauen Gefilde. Die Sagen der nordischen Mythologie spielen in einer archaischen Welt voller faszinierender Stoffe und Gestalten. In diesem reich bebilderten Band sind sie versammelt, f\u00fcr etwas \u00dcbersicht sorgt eingangs eine &#8222;kleine nordische G\u00f6tterlehre&#8220;.<\/p>\n<p>Gebundene Ausgabe, 480 Seiten<\/p>\n","protected":false},"excerpt":{"rendered":"<p>Geb<\/p>\n","protected":false},"featured_media":4907,"template":"","meta":[],"product_brand":[],"product_cat":[193,185,212],"product_tag":[348,336,311],"class_list":{"0":"post-3502","1":"product","2":"type-product","3":"status-publish","4":"has-post-thumbnail","6":"product_cat-germanen","7":"product_cat-literatur","8":"product_cat-sagen","9":"product_tag-edda","10":"product_tag-germanen","11":"product_tag-wikinger","12":"product_shipping_class-paket","14":"first","15":"instock","16":"taxable","17":"shipping-taxable","18":"purchasable","19":"product-type-simple"},"_links":{"self":[{"href":"https:\/\/shop.mittgard.de\/index.php?rest_route=\/wp\/v2\/product\/3502","targetHints":{"allow":["GET"]}}],"collection":[{"href":"https:\/\/shop.mittgard.de\/index.php?rest_route=\/wp\/v2\/product"}],"about":[{"href":"https:\/\/shop.mittgard.de\/index.php?rest_route=\/wp\/v2\/types\/product"}],"wp:featuredmedia":[{"embeddable":true,"href":"https:\/\/shop.mittgard.de\/index.php?rest_route=\/wp\/v2\/media\/4907"}],"wp:attachment":[{"href":"https:\/\/shop.mittgard.de\/index.php?rest_route=%2Fwp%2Fv2%2Fmedia&parent=3502"}],"wp:term":[{"taxonomy":"product_brand","embeddable":true,"href":"https:\/\/shop.mittgard.de\/index.php?rest_route=%2Fwp%2Fv2%2Fproduct_brand&post=3502"},{"taxonomy":"product_cat","embeddable":true,"href":"https:\/\/shop.mittgard.de\/index.php?rest_route=%2Fwp%2Fv2%2Fproduct_cat&post=3502"},{"taxonomy":"product_tag","embeddable":true,"href":"https:\/\/shop.mittgard.de\/index.php?rest_route=%2Fwp%2Fv2%2Fproduct_tag&post=3502"}],"curies":[{"name":"wp","href":"https:\/\/api.w.org\/{rel}","templated":true}]}}