{"id":3505,"date":"2018-07-14T12:16:32","date_gmt":"2018-07-14T10:16:32","guid":{"rendered":"http:\/\/shop.mittgard.de\/?product=import-placeholder-for-3567"},"modified":"2025-12-01T13:20:11","modified_gmt":"2025-12-01T12:20:11","slug":"ackermann-erich-islaendische-maerchen-und-sagen","status":"publish","type":"product","link":"https:\/\/shop.mittgard.de\/?product=ackermann-erich-islaendische-maerchen-und-sagen","title":{"rendered":"Ackermann, Erich &#8222;Isl\u00e4ndische M\u00e4rchen und Sagen&#8220;"},"content":{"rendered":"<p>Der faszinierende M\u00e4rchen- und Sagenschatz Islands, jener wilden Insel aus Feuer und Eis, deren urw\u00fcchsige Landschaften noch heute von G\u00f6ttern und Feen, D\u00e4monen und Trollen bev\u00f6lkert scheinen, speist sich vor allem aus der herben skandinavischen Mythologie. Doch neben den oft d\u00fcster-bedrohlichen Motiven und Gestalten vieler Sagen finden sich auch Geschichten, die an das traditionelle europ\u00e4ische Zauberm\u00e4rchen mit seinen magischen Verwandlungen erinnern. F\u00fcr diesen Band hat der Herausgeber eine umfassende Auswahl der sch\u00f6nsten und eindrucksvollsten isl\u00e4ndischen Sagen und M\u00e4rchen zusammengetragen.<\/p>\n<p>Gebundene Ausgabe, 256 Seiten<\/p>\n","protected":false},"excerpt":{"rendered":"<p>Geb<\/p>\n","protected":false},"featured_media":4888,"template":"","meta":[],"product_brand":[],"product_cat":[185,213],"product_tag":[357,311],"class_list":{"0":"post-3505","1":"product","2":"type-product","3":"status-publish","4":"has-post-thumbnail","6":"product_cat-literatur","7":"product_cat-maerchen","8":"product_tag-island","9":"product_tag-wikinger","10":"product_shipping_class-paket","12":"first","13":"instock","14":"taxable","15":"shipping-taxable","16":"purchasable","17":"product-type-simple"},"_links":{"self":[{"href":"https:\/\/shop.mittgard.de\/index.php?rest_route=\/wp\/v2\/product\/3505","targetHints":{"allow":["GET"]}}],"collection":[{"href":"https:\/\/shop.mittgard.de\/index.php?rest_route=\/wp\/v2\/product"}],"about":[{"href":"https:\/\/shop.mittgard.de\/index.php?rest_route=\/wp\/v2\/types\/product"}],"wp:featuredmedia":[{"embeddable":true,"href":"https:\/\/shop.mittgard.de\/index.php?rest_route=\/wp\/v2\/media\/4888"}],"wp:attachment":[{"href":"https:\/\/shop.mittgard.de\/index.php?rest_route=%2Fwp%2Fv2%2Fmedia&parent=3505"}],"wp:term":[{"taxonomy":"product_brand","embeddable":true,"href":"https:\/\/shop.mittgard.de\/index.php?rest_route=%2Fwp%2Fv2%2Fproduct_brand&post=3505"},{"taxonomy":"product_cat","embeddable":true,"href":"https:\/\/shop.mittgard.de\/index.php?rest_route=%2Fwp%2Fv2%2Fproduct_cat&post=3505"},{"taxonomy":"product_tag","embeddable":true,"href":"https:\/\/shop.mittgard.de\/index.php?rest_route=%2Fwp%2Fv2%2Fproduct_tag&post=3505"}],"curies":[{"name":"wp","href":"https:\/\/api.w.org\/{rel}","templated":true}]}}