{"id":3513,"date":"2018-07-14T12:16:39","date_gmt":"2018-07-14T10:16:39","guid":{"rendered":"http:\/\/shop.mittgard.de\/?product=import-placeholder-for-3575"},"modified":"2024-12-16T10:42:27","modified_gmt":"2024-12-16T09:42:27","slug":"diverse-der-russische-maerchenschatz","status":"publish","type":"product","link":"https:\/\/shop.mittgard.de\/?product=diverse-der-russische-maerchenschatz","title":{"rendered":"Diverse &#8222;Der russische M\u00e4rchenschatz&#8220;"},"content":{"rendered":"<p>Von den Zeugnissen der russischen Volkspoesie geht seit jeher der Reiz des Geheimnisvollen aus. In den endlosen Weiten des Reichs entstanden Wunder- und Zaubererz\u00e4hlungen voller Fantasie und oft ganz eigenen Charakters.<\/p>\n<p>Dieser umfangreiche Band erschlie\u00dft sie: das M\u00e4rchen von der Zarentochter im unterirdischen Reich, die Geschichten von der Hexe Baba Jaga, der Entenjungfrau, dem Gl\u00fccksm\u00e4dchen, der Teufelsfl\u00f6te, von Ivan Aschenpuster oder Ivanko, dem B\u00e4rensohn und viele andere. Zahlreich vertreten sind auch die Volksm\u00e4rchen von Alexander N. Afanasjew.<\/p>\n<p>Gebundene Ausgabe, 608 Seiten<\/p>\n","protected":false},"excerpt":{"rendered":"<p>HC<\/p>\n","protected":false},"featured_media":4879,"template":"","meta":[],"product_brand":[],"product_cat":[185,213],"product_tag":[502],"class_list":{"0":"post-3513","1":"product","2":"type-product","3":"status-publish","4":"has-post-thumbnail","6":"product_cat-literatur","7":"product_cat-maerchen","8":"product_tag-russland","9":"product_shipping_class-paket","11":"first","12":"onbackorder","13":"taxable","14":"shipping-taxable","15":"purchasable","16":"product-type-simple"},"_links":{"self":[{"href":"https:\/\/shop.mittgard.de\/index.php?rest_route=\/wp\/v2\/product\/3513","targetHints":{"allow":["GET"]}}],"collection":[{"href":"https:\/\/shop.mittgard.de\/index.php?rest_route=\/wp\/v2\/product"}],"about":[{"href":"https:\/\/shop.mittgard.de\/index.php?rest_route=\/wp\/v2\/types\/product"}],"wp:featuredmedia":[{"embeddable":true,"href":"https:\/\/shop.mittgard.de\/index.php?rest_route=\/wp\/v2\/media\/4879"}],"wp:attachment":[{"href":"https:\/\/shop.mittgard.de\/index.php?rest_route=%2Fwp%2Fv2%2Fmedia&parent=3513"}],"wp:term":[{"taxonomy":"product_brand","embeddable":true,"href":"https:\/\/shop.mittgard.de\/index.php?rest_route=%2Fwp%2Fv2%2Fproduct_brand&post=3513"},{"taxonomy":"product_cat","embeddable":true,"href":"https:\/\/shop.mittgard.de\/index.php?rest_route=%2Fwp%2Fv2%2Fproduct_cat&post=3513"},{"taxonomy":"product_tag","embeddable":true,"href":"https:\/\/shop.mittgard.de\/index.php?rest_route=%2Fwp%2Fv2%2Fproduct_tag&post=3513"}],"curies":[{"name":"wp","href":"https:\/\/api.w.org\/{rel}","templated":true}]}}