{"id":3622,"date":"2018-08-29T15:42:10","date_gmt":"2018-08-29T13:42:10","guid":{"rendered":"http:\/\/shop.mittgard.de\/?post_type=product&#038;p=3622"},"modified":"2024-12-15T12:08:34","modified_gmt":"2024-12-15T11:08:34","slug":"konarek-lars-bushcraft-2","status":"publish","type":"product","link":"https:\/\/shop.mittgard.de\/?product=konarek-lars-bushcraft-2","title":{"rendered":"Konarek, Lars &#8222;Bushcraft&#8220;"},"content":{"rendered":"<p>Survivalwissen &#8211; Wildpflanzen Europas<\/p>\n<p>Heimische Pflanzen dienen nicht nur als Nahrung in Extremsituationen, sie k\u00f6nnen auch Durchfall und Verstopfung bek\u00e4mpfen, die Keimentwicklung in Wunden hemmen oder als Rohmaterial f\u00fcr Schn\u00fcre, Matten, Seile und anderes mehr dienen. Andere Pflanzen zeigen uns, wo es sich lohnt, nach Wasser zu graben. Voraussetzung f\u00fcr all dies ist allerdings eine genaue Bestimmung der Pflanzen, die man sich nutzbar machen will.<\/p>\n<p>Dieses Buch soll dem Laien, aber auch dem erfahrenen Survivaler\/Bushrafter als Hilfestellung dienen, um Pflanzen sicher zu erkennen und um das erworbenes Wissen so vielf\u00e4ltig wie m\u00f6glich in seinem Hobby oder in einer Notsituation, zu der es hoffentlich nie kommen wird, einzusetzen.<\/p>\n<p>Informiert wird mithilfe von \u00fcber 400 Farbbabbildungen, die eine leichte Bestimmung erm\u00f6glichen, \u00fcber alle wichtigen Pflanzen f\u00fcr Ern\u00e4hrung, Medizin und die Erstellung von Hilfsmitteln wie Kerzen, L\u00f6ffeln oder Unterlagen. Ein Register, das die Pflanzen nach Verwendungszweck gliedert, erlaubt eine schnelle Orientierung im Buch.<\/p>\n<p>Der Autor: Lars Konarek (Jahrgang 1977) wurde durch seine Survival-Experimente bekannt. Seine Kenntnisse stellte er u.a. dem Wissensmagazin \u201eGalileo\u201c (Pro7) zur Verf\u00fcgung. Als engagierter Natursch\u00fctzer setzt er sich auch f\u00fcr bedrohte Pflanzenarten ein. Zuletzt erschien von ihm im Leopold Stocker-Verlag \u201e\u00dcberleben in Krisen- und Katastrophenf\u00e4llen. Das Survivalwissen der Spezialeinheiten\u201c, Graz 2014 (2.Auflage 2014).<\/p>\n<p>Taschenbuch, 224 Seiten<\/p>\n","protected":false},"excerpt":{"rendered":"<p>Br<\/p>\n","protected":false},"featured_media":3623,"template":"","meta":[],"product_brand":[],"product_cat":[186,185,201],"product_tag":[246,244,245],"class_list":{"0":"post-3622","1":"product","2":"type-product","3":"status-publish","4":"has-post-thumbnail","6":"product_cat-alternativ-leben","7":"product_cat-literatur","8":"product_cat-naturheilkunde-kraeuterwissen","9":"product_tag-pflanzen","10":"product_tag-survival","11":"product_tag-ueberleben","12":"product_shipping_class-paket","14":"first","15":"onbackorder","16":"taxable","17":"shipping-taxable","18":"purchasable","19":"product-type-simple"},"_links":{"self":[{"href":"https:\/\/shop.mittgard.de\/index.php?rest_route=\/wp\/v2\/product\/3622","targetHints":{"allow":["GET"]}}],"collection":[{"href":"https:\/\/shop.mittgard.de\/index.php?rest_route=\/wp\/v2\/product"}],"about":[{"href":"https:\/\/shop.mittgard.de\/index.php?rest_route=\/wp\/v2\/types\/product"}],"wp:featuredmedia":[{"embeddable":true,"href":"https:\/\/shop.mittgard.de\/index.php?rest_route=\/wp\/v2\/media\/3623"}],"wp:attachment":[{"href":"https:\/\/shop.mittgard.de\/index.php?rest_route=%2Fwp%2Fv2%2Fmedia&parent=3622"}],"wp:term":[{"taxonomy":"product_brand","embeddable":true,"href":"https:\/\/shop.mittgard.de\/index.php?rest_route=%2Fwp%2Fv2%2Fproduct_brand&post=3622"},{"taxonomy":"product_cat","embeddable":true,"href":"https:\/\/shop.mittgard.de\/index.php?rest_route=%2Fwp%2Fv2%2Fproduct_cat&post=3622"},{"taxonomy":"product_tag","embeddable":true,"href":"https:\/\/shop.mittgard.de\/index.php?rest_route=%2Fwp%2Fv2%2Fproduct_tag&post=3622"}],"curies":[{"name":"wp","href":"https:\/\/api.w.org\/{rel}","templated":true}]}}