{"id":3901,"date":"2018-08-30T16:18:30","date_gmt":"2018-08-30T14:18:30","guid":{"rendered":"http:\/\/shop.mittgard.de\/?post_type=product&#038;p=3901"},"modified":"2025-09-29T10:59:51","modified_gmt":"2025-09-29T08:59:51","slug":"gorewicz-igor-viking-and-slavic-ornamental-design-band-3","status":"publish","type":"product","link":"https:\/\/shop.mittgard.de\/?product=gorewicz-igor-viking-and-slavic-ornamental-design-band-3","title":{"rendered":"Gorewicz, Igor &#8222;Viking and slavic ornamental design&#8220; Band 3"},"content":{"rendered":"<p>Ornamente aus der Slawen- &amp; Wikingerzeit mit genauen Infos zu Zeit &amp; Fundort &#8211; englische Ausgabe<\/p>\n<p>Die Ornamente des fr\u00fchen Mittelalters<\/p>\n<p>Die Empf\u00e4nger des Bands &#8222;Die Ornamente des fr\u00fchen Mittelalters&#8220; sind auch K\u00fcnstler, die in den alten Kulturen nach Inspirationen suchen, Projektanten, Designer, Computergrafiker und Sch\u00f6pfer der Internetseiten, die stilvolle Verzierungen und Rahmen brauchen, T\u00e4towierer und Liebhaber, welche eines unserer Flechtwerke rund um den Arm platzieren und mit einem Figur- oder Pflanzenmotiv den R\u00fccken oder die Wade schm\u00fccken. Zu den nicht unbedeutenden Empf\u00e4ngern sollen auch die Kreise der Historiker geh\u00f6ren, die sich mit der Kultur der Slawen und der sog. Wikinger befassen. Zu dieser Gruppe z\u00e4hlt auch der unten unterzeichnete Initiator der Sammlung, denn er kennt pers\u00f6nlich die Probleme mit der Wahl des Musters zur Stickerei der Kleidung, beim Stanzen der Lederware, der Ornamente f\u00fcr die M\u00f6bel oder Zelte. Durch die Zusammenstellung wollte er nicht nur ihr Leben vereinfachen, sondern auch auf die Pracht der Formen und die Vielfalt der in jener Zeit vorhandenen Stile aufmerksam machen, so da\u00df die Ornamentik gegenw\u00e4rtiger K\u00e4mpfer abwechslungsreicher wird und ein bisschen besser die regionalen Unterschiede und das allgemeine &#8222;Klima&#8220; der Epoche wiedergibt.<\/p>\n<p>Broschiert, 110 Seiten, englische Ausgabe<\/p>\n","protected":false},"excerpt":{"rendered":"<p>PB<\/p>\n","protected":false},"featured_media":3903,"template":"","meta":[],"product_brand":[],"product_cat":[193,185],"product_tag":[877,354,353,240,355,311],"class_list":{"0":"post-3901","1":"product","2":"type-product","3":"status-publish","4":"has-post-thumbnail","6":"product_cat-germanen","7":"product_cat-literatur","8":"product_tag-englisch","9":"product_tag-ornamente","10":"product_tag-slawen","11":"product_tag-tattoo","12":"product_tag-vorlagen","13":"product_tag-wikinger","14":"product_shipping_class-paket","16":"first","17":"outofstock","18":"taxable","19":"shipping-taxable","20":"purchasable","21":"product-type-simple"},"_links":{"self":[{"href":"https:\/\/shop.mittgard.de\/index.php?rest_route=\/wp\/v2\/product\/3901","targetHints":{"allow":["GET"]}}],"collection":[{"href":"https:\/\/shop.mittgard.de\/index.php?rest_route=\/wp\/v2\/product"}],"about":[{"href":"https:\/\/shop.mittgard.de\/index.php?rest_route=\/wp\/v2\/types\/product"}],"wp:featuredmedia":[{"embeddable":true,"href":"https:\/\/shop.mittgard.de\/index.php?rest_route=\/wp\/v2\/media\/3903"}],"wp:attachment":[{"href":"https:\/\/shop.mittgard.de\/index.php?rest_route=%2Fwp%2Fv2%2Fmedia&parent=3901"}],"wp:term":[{"taxonomy":"product_brand","embeddable":true,"href":"https:\/\/shop.mittgard.de\/index.php?rest_route=%2Fwp%2Fv2%2Fproduct_brand&post=3901"},{"taxonomy":"product_cat","embeddable":true,"href":"https:\/\/shop.mittgard.de\/index.php?rest_route=%2Fwp%2Fv2%2Fproduct_cat&post=3901"},{"taxonomy":"product_tag","embeddable":true,"href":"https:\/\/shop.mittgard.de\/index.php?rest_route=%2Fwp%2Fv2%2Fproduct_tag&post=3901"}],"curies":[{"name":"wp","href":"https:\/\/api.w.org\/{rel}","templated":true}]}}