{"id":4341,"date":"2018-09-16T13:44:28","date_gmt":"2018-09-16T11:44:28","guid":{"rendered":"http:\/\/shop.mittgard.de\/?product=import-placeholder-for-4322"},"modified":"2026-01-29T10:59:24","modified_gmt":"2026-01-29T09:59:24","slug":"thorshammer-03","status":"publish","type":"product","link":"https:\/\/shop.mittgard.de\/?product=thorshammer-03","title":{"rendered":"Thorshammer &#8211; Schonenhammer klein Bronze"},"content":{"rendered":"<p>Mini-Schonenthorshammer f\u00fcr Kinder oder die, die&#8217;s zierlicher m\u00f6gen<\/p>\n<p>Gr\u00f6\u00dfe 1,1 x 1,9 cm aus Schmuckbronze<\/p>\n<p>inklusive Lederband<\/p>\n","protected":false},"excerpt":{"rendered":"<p>Mini-Schonenthorshammer f\u00fcr Kinder oder die, die&#8217;s zierlicher m\u00f6gen Gr\u00f6\u00dfe 1,1 x 1,9 cm aus Schmuckbronze inklusive Lederband<\/p>\n","protected":false},"featured_media":8307,"template":"","meta":[],"product_brand":[],"product_cat":[455,473],"product_tag":[472,560,776,175,346],"class_list":{"0":"post-4341","1":"product","2":"type-product","3":"status-publish","4":"has-post-thumbnail","6":"product_cat-schmuck","7":"product_cat-thorshammer","8":"product_tag-bronze","9":"product_tag-fruchtbarkeit","10":"product_tag-schonen","11":"product_tag-schutz","12":"product_tag-thor","13":"product_shipping_class-brief","15":"first","16":"onbackorder","17":"taxable","18":"shipping-taxable","19":"purchasable","20":"product-type-simple"},"_links":{"self":[{"href":"https:\/\/shop.mittgard.de\/index.php?rest_route=\/wp\/v2\/product\/4341","targetHints":{"allow":["GET"]}}],"collection":[{"href":"https:\/\/shop.mittgard.de\/index.php?rest_route=\/wp\/v2\/product"}],"about":[{"href":"https:\/\/shop.mittgard.de\/index.php?rest_route=\/wp\/v2\/types\/product"}],"wp:featuredmedia":[{"embeddable":true,"href":"https:\/\/shop.mittgard.de\/index.php?rest_route=\/wp\/v2\/media\/8307"}],"wp:attachment":[{"href":"https:\/\/shop.mittgard.de\/index.php?rest_route=%2Fwp%2Fv2%2Fmedia&parent=4341"}],"wp:term":[{"taxonomy":"product_brand","embeddable":true,"href":"https:\/\/shop.mittgard.de\/index.php?rest_route=%2Fwp%2Fv2%2Fproduct_brand&post=4341"},{"taxonomy":"product_cat","embeddable":true,"href":"https:\/\/shop.mittgard.de\/index.php?rest_route=%2Fwp%2Fv2%2Fproduct_cat&post=4341"},{"taxonomy":"product_tag","embeddable":true,"href":"https:\/\/shop.mittgard.de\/index.php?rest_route=%2Fwp%2Fv2%2Fproduct_tag&post=4341"}],"curies":[{"name":"wp","href":"https:\/\/api.w.org\/{rel}","templated":true}]}}