{"id":4342,"date":"2018-09-16T13:44:28","date_gmt":"2018-09-16T11:44:28","guid":{"rendered":"http:\/\/shop.mittgard.de\/?product=import-placeholder-for-4323"},"modified":"2024-12-13T14:26:11","modified_gmt":"2024-12-13T13:26:11","slug":"thorshammer-03-2","status":"publish","type":"product","link":"https:\/\/shop.mittgard.de\/?product=thorshammer-03-2","title":{"rendered":"Thorshammer &#8211; Schonenhammer klein Silber"},"content":{"rendered":"<p>Mini-Schonenthorshammer f\u00fcr Kinder oder die, die&#8217;s zierlicher m\u00f6gen<\/p>\n<p>Gr\u00f6\u00dfe 1,2 x 1,5 cm aus 925er Sterlingsilber<\/p>\n<p>inklusive Lederband<\/p>\n","protected":false},"excerpt":{"rendered":"<p>Mini-Schonenthorshammer f\u00fcr Kinder oder die, die&#8217;s zierlicher m\u00f6gen Gr\u00f6\u00dfe 1,2 x 1,5 cm aus 925er Sterlingsilber inklusive Lederband<\/p>\n","protected":false},"featured_media":8308,"template":"","meta":[],"product_brand":[],"product_cat":[455,473],"product_tag":[560,175,471,346],"class_list":{"0":"post-4342","1":"product","2":"type-product","3":"status-publish","4":"has-post-thumbnail","6":"product_cat-schmuck","7":"product_cat-thorshammer","8":"product_tag-fruchtbarkeit","9":"product_tag-schutz","10":"product_tag-silber","11":"product_tag-thor","12":"product_shipping_class-brief","14":"first","15":"onbackorder","16":"taxable","17":"shipping-taxable","18":"purchasable","19":"product-type-simple"},"_links":{"self":[{"href":"https:\/\/shop.mittgard.de\/index.php?rest_route=\/wp\/v2\/product\/4342","targetHints":{"allow":["GET"]}}],"collection":[{"href":"https:\/\/shop.mittgard.de\/index.php?rest_route=\/wp\/v2\/product"}],"about":[{"href":"https:\/\/shop.mittgard.de\/index.php?rest_route=\/wp\/v2\/types\/product"}],"wp:featuredmedia":[{"embeddable":true,"href":"https:\/\/shop.mittgard.de\/index.php?rest_route=\/wp\/v2\/media\/8308"}],"wp:attachment":[{"href":"https:\/\/shop.mittgard.de\/index.php?rest_route=%2Fwp%2Fv2%2Fmedia&parent=4342"}],"wp:term":[{"taxonomy":"product_brand","embeddable":true,"href":"https:\/\/shop.mittgard.de\/index.php?rest_route=%2Fwp%2Fv2%2Fproduct_brand&post=4342"},{"taxonomy":"product_cat","embeddable":true,"href":"https:\/\/shop.mittgard.de\/index.php?rest_route=%2Fwp%2Fv2%2Fproduct_cat&post=4342"},{"taxonomy":"product_tag","embeddable":true,"href":"https:\/\/shop.mittgard.de\/index.php?rest_route=%2Fwp%2Fv2%2Fproduct_tag&post=4342"}],"curies":[{"name":"wp","href":"https:\/\/api.w.org\/{rel}","templated":true}]}}