{"id":4347,"date":"2018-09-16T13:44:29","date_gmt":"2018-09-16T11:44:29","guid":{"rendered":"http:\/\/shop.mittgard.de\/?product=import-placeholder-for-4328"},"modified":"2024-12-13T14:24:55","modified_gmt":"2024-12-13T13:24:55","slug":"thorshammer-05","status":"publish","type":"product","link":"https:\/\/shop.mittgard.de\/?product=thorshammer-05","title":{"rendered":"Thorshammer &#8211; Schonen gro\u00df Bronze"},"content":{"rendered":"<p>Replik des ber\u00fchmten Thorhammers von Schonen\/Schweden in Originalgr\u00f6\u00dfe! Innen hohl, aber mit einer Platte verschlossen, wie beim Original.<\/p>\n<p>Gr\u00f6\u00dfe 4 x 4,8 cm aus Schmuckbronze<\/p>\n<p>inklusive Lederband<\/p>\n","protected":false},"excerpt":{"rendered":"<p>Replik des ber\u00fchmten Thorhammers von Schonen\/Schweden in Originalgr\u00f6\u00dfe! Innen hohl, aber mit einer Platte verschlossen, wie beim Original. Gr\u00f6\u00dfe 4 x 4,8 cm aus Schmuckbronze inklusive Lederband<\/p>\n","protected":false},"featured_media":8848,"template":"","meta":[],"product_brand":[],"product_cat":[455,473],"product_tag":[472,560,776,175,775],"class_list":{"0":"post-4347","1":"product","2":"type-product","3":"status-publish","4":"has-post-thumbnail","6":"product_cat-schmuck","7":"product_cat-thorshammer","8":"product_tag-bronze","9":"product_tag-fruchtbarkeit","10":"product_tag-schonen","11":"product_tag-schutz","12":"product_tag-thorshammer","13":"product_shipping_class-brief","15":"first","16":"onbackorder","17":"taxable","18":"shipping-taxable","19":"purchasable","20":"product-type-simple"},"_links":{"self":[{"href":"https:\/\/shop.mittgard.de\/index.php?rest_route=\/wp\/v2\/product\/4347","targetHints":{"allow":["GET"]}}],"collection":[{"href":"https:\/\/shop.mittgard.de\/index.php?rest_route=\/wp\/v2\/product"}],"about":[{"href":"https:\/\/shop.mittgard.de\/index.php?rest_route=\/wp\/v2\/types\/product"}],"wp:featuredmedia":[{"embeddable":true,"href":"https:\/\/shop.mittgard.de\/index.php?rest_route=\/wp\/v2\/media\/8848"}],"wp:attachment":[{"href":"https:\/\/shop.mittgard.de\/index.php?rest_route=%2Fwp%2Fv2%2Fmedia&parent=4347"}],"wp:term":[{"taxonomy":"product_brand","embeddable":true,"href":"https:\/\/shop.mittgard.de\/index.php?rest_route=%2Fwp%2Fv2%2Fproduct_brand&post=4347"},{"taxonomy":"product_cat","embeddable":true,"href":"https:\/\/shop.mittgard.de\/index.php?rest_route=%2Fwp%2Fv2%2Fproduct_cat&post=4347"},{"taxonomy":"product_tag","embeddable":true,"href":"https:\/\/shop.mittgard.de\/index.php?rest_route=%2Fwp%2Fv2%2Fproduct_tag&post=4347"}],"curies":[{"name":"wp","href":"https:\/\/api.w.org\/{rel}","templated":true}]}}