{"id":4372,"date":"2018-09-16T13:44:40","date_gmt":"2018-09-16T11:44:40","guid":{"rendered":"http:\/\/shop.mittgard.de\/?product=import-placeholder-for-4353"},"modified":"2024-12-13T14:33:00","modified_gmt":"2024-12-13T13:33:00","slug":"thorshammer-20","status":"publish","type":"product","link":"https:\/\/shop.mittgard.de\/?product=thorshammer-20","title":{"rendered":"Thorshammer Widder klein Bronze"},"content":{"rendered":"<p>Mini Widder-Thorshammer f\u00fcr Kinder oder die, die&#8217;s zierlicher m\u00f6gen<\/p>\n<p>Gr\u00f6\u00dfe 2 x 1,2 cm, Schmuckbronze<\/p>\n<p>inklusive Lederband<\/p>\n","protected":false},"excerpt":{"rendered":"<p>Mini Widder-Thorshammer f\u00fcr Kinder oder die, die&#8217;s zierlicher m\u00f6gen Gr\u00f6\u00dfe 2 x 1,2 cm, Schmuckbronze inklusive Lederband<\/p>\n","protected":false},"featured_media":8305,"template":"","meta":[],"product_brand":[],"product_cat":[455,473],"product_tag":[472,560,561,175,346,765],"class_list":{"0":"post-4372","1":"product","2":"type-product","3":"status-publish","4":"has-post-thumbnail","6":"product_cat-schmuck","7":"product_cat-thorshammer","8":"product_tag-bronze","9":"product_tag-fruchtbarkeit","10":"product_tag-kraft","11":"product_tag-schutz","12":"product_tag-thor","13":"product_tag-widder","14":"product_shipping_class-brief","16":"first","17":"instock","18":"taxable","19":"shipping-taxable","20":"purchasable","21":"product-type-simple"},"_links":{"self":[{"href":"https:\/\/shop.mittgard.de\/index.php?rest_route=\/wp\/v2\/product\/4372","targetHints":{"allow":["GET"]}}],"collection":[{"href":"https:\/\/shop.mittgard.de\/index.php?rest_route=\/wp\/v2\/product"}],"about":[{"href":"https:\/\/shop.mittgard.de\/index.php?rest_route=\/wp\/v2\/types\/product"}],"wp:featuredmedia":[{"embeddable":true,"href":"https:\/\/shop.mittgard.de\/index.php?rest_route=\/wp\/v2\/media\/8305"}],"wp:attachment":[{"href":"https:\/\/shop.mittgard.de\/index.php?rest_route=%2Fwp%2Fv2%2Fmedia&parent=4372"}],"wp:term":[{"taxonomy":"product_brand","embeddable":true,"href":"https:\/\/shop.mittgard.de\/index.php?rest_route=%2Fwp%2Fv2%2Fproduct_brand&post=4372"},{"taxonomy":"product_cat","embeddable":true,"href":"https:\/\/shop.mittgard.de\/index.php?rest_route=%2Fwp%2Fv2%2Fproduct_cat&post=4372"},{"taxonomy":"product_tag","embeddable":true,"href":"https:\/\/shop.mittgard.de\/index.php?rest_route=%2Fwp%2Fv2%2Fproduct_tag&post=4372"}],"curies":[{"name":"wp","href":"https:\/\/api.w.org\/{rel}","templated":true}]}}