{"id":4377,"date":"2018-09-16T13:44:41","date_gmt":"2018-09-16T11:44:41","guid":{"rendered":"http:\/\/shop.mittgard.de\/?product=import-placeholder-for-4358"},"modified":"2026-01-29T09:22:03","modified_gmt":"2026-01-29T08:22:03","slug":"aarhusanhaenger-2","status":"publish","type":"product","link":"https:\/\/shop.mittgard.de\/?product=aarhusanhaenger-2","title":{"rendered":"Aarhusanh\u00e4nger Silber"},"content":{"rendered":"<p>gefunden auf einem Runenstein bei Aarhus standen diese gro\u00dfen Steine an gef\u00e4hrlichen Landzungen am Meer, um den heimkehrenden Wikinger vor gef\u00e4hrlichen Untiefen zu warnen<\/p>\n<p>Gr\u00f6\u00dfe 1 x 2,5 cm<\/p>\n<p>inklusive Lederband<\/p>\n","protected":false},"excerpt":{"rendered":"<p>gefunden auf einem Runenstein bei Aarhus standen diese gro\u00dfen Steine an gef\u00e4hrlichen Landzungen am Meer, um den heimkehrenden Wikinger vor gef\u00e4hrlichen Untiefen zu warnen Gr\u00f6\u00dfe 1 x 2,5 cm inklusive Lederband<\/p>\n","protected":false},"featured_media":8312,"template":"","meta":[],"product_brand":[],"product_cat":[474],"product_tag":[358,471,311],"class_list":{"0":"post-4377","1":"product","2":"type-product","3":"status-publish","4":"has-post-thumbnail","6":"product_cat-anhaenger","7":"product_tag-odin","8":"product_tag-silber","9":"product_tag-wikinger","10":"product_shipping_class-brief","12":"first","13":"onbackorder","14":"taxable","15":"shipping-taxable","16":"purchasable","17":"product-type-simple"},"_links":{"self":[{"href":"https:\/\/shop.mittgard.de\/index.php?rest_route=\/wp\/v2\/product\/4377","targetHints":{"allow":["GET"]}}],"collection":[{"href":"https:\/\/shop.mittgard.de\/index.php?rest_route=\/wp\/v2\/product"}],"about":[{"href":"https:\/\/shop.mittgard.de\/index.php?rest_route=\/wp\/v2\/types\/product"}],"wp:featuredmedia":[{"embeddable":true,"href":"https:\/\/shop.mittgard.de\/index.php?rest_route=\/wp\/v2\/media\/8312"}],"wp:attachment":[{"href":"https:\/\/shop.mittgard.de\/index.php?rest_route=%2Fwp%2Fv2%2Fmedia&parent=4377"}],"wp:term":[{"taxonomy":"product_brand","embeddable":true,"href":"https:\/\/shop.mittgard.de\/index.php?rest_route=%2Fwp%2Fv2%2Fproduct_brand&post=4377"},{"taxonomy":"product_cat","embeddable":true,"href":"https:\/\/shop.mittgard.de\/index.php?rest_route=%2Fwp%2Fv2%2Fproduct_cat&post=4377"},{"taxonomy":"product_tag","embeddable":true,"href":"https:\/\/shop.mittgard.de\/index.php?rest_route=%2Fwp%2Fv2%2Fproduct_tag&post=4377"}],"curies":[{"name":"wp","href":"https:\/\/api.w.org\/{rel}","templated":true}]}}