{"id":4378,"date":"2018-09-16T13:44:41","date_gmt":"2018-09-16T11:44:41","guid":{"rendered":"http:\/\/shop.mittgard.de\/?product=import-placeholder-for-4359"},"modified":"2025-09-09T09:45:16","modified_gmt":"2025-09-09T07:45:16","slug":"aegirshjalmar","status":"publish","type":"product","link":"https:\/\/shop.mittgard.de\/?product=aegirshjalmar","title":{"rendered":"Aegirshjalmar Bronze"},"content":{"rendered":"<p>\u00d8 2,8 cm, Odin&#8217;s Schreckenshelm sollte vor dem Mi\u00dfbrauch von Macht sch\u00fctzen und dem Gegner Furcht einfl\u00f6\u00dfen<\/p>\n<p>Der Aegirshjalmar wird in der Edda erw\u00e4hnt und findet sich in einem isl\u00e4ndischen Zauberbuch aus dem 16. Jh. abgebildet.<\/p>\n<p>inklusive Lederband<\/p>\n","protected":false},"excerpt":{"rendered":"<p>\u00d8 2,8 cm, Odin&#8217;s Schreckenshelm sollte vor dem Mi\u00dfbrauch von Macht sch\u00fctzen und dem Gegner Furcht einfl\u00f6\u00dfen Der Aegirshjalmar wird in der Edda erw\u00e4hnt und findet sich in einem isl\u00e4ndischen Zauberbuch aus dem 16. Jh. abgebildet. inklusive Lederband<\/p>\n","protected":false},"featured_media":5509,"template":"","meta":[],"product_brand":[],"product_cat":[474],"product_tag":[558,472,357,376],"class_list":{"0":"post-4378","1":"product","2":"type-product","3":"status-publish","4":"has-post-thumbnail","6":"product_cat-anhaenger","7":"product_tag-binderune","8":"product_tag-bronze","9":"product_tag-island","10":"product_tag-magie","11":"product_shipping_class-brief","13":"first","14":"onbackorder","15":"taxable","16":"shipping-taxable","17":"purchasable","18":"product-type-simple"},"_links":{"self":[{"href":"https:\/\/shop.mittgard.de\/index.php?rest_route=\/wp\/v2\/product\/4378","targetHints":{"allow":["GET"]}}],"collection":[{"href":"https:\/\/shop.mittgard.de\/index.php?rest_route=\/wp\/v2\/product"}],"about":[{"href":"https:\/\/shop.mittgard.de\/index.php?rest_route=\/wp\/v2\/types\/product"}],"wp:featuredmedia":[{"embeddable":true,"href":"https:\/\/shop.mittgard.de\/index.php?rest_route=\/wp\/v2\/media\/5509"}],"wp:attachment":[{"href":"https:\/\/shop.mittgard.de\/index.php?rest_route=%2Fwp%2Fv2%2Fmedia&parent=4378"}],"wp:term":[{"taxonomy":"product_brand","embeddable":true,"href":"https:\/\/shop.mittgard.de\/index.php?rest_route=%2Fwp%2Fv2%2Fproduct_brand&post=4378"},{"taxonomy":"product_cat","embeddable":true,"href":"https:\/\/shop.mittgard.de\/index.php?rest_route=%2Fwp%2Fv2%2Fproduct_cat&post=4378"},{"taxonomy":"product_tag","embeddable":true,"href":"https:\/\/shop.mittgard.de\/index.php?rest_route=%2Fwp%2Fv2%2Fproduct_tag&post=4378"}],"curies":[{"name":"wp","href":"https:\/\/api.w.org\/{rel}","templated":true}]}}