{"id":4399,"date":"2018-09-16T13:44:51","date_gmt":"2018-09-16T11:44:51","guid":{"rendered":"http:\/\/shop.mittgard.de\/?product=import-placeholder-for-4380"},"modified":"2025-07-21T10:46:33","modified_gmt":"2025-07-21T08:46:33","slug":"freyja-anhaenger","status":"publish","type":"product","link":"https:\/\/shop.mittgard.de\/?product=freyja-anhaenger","title":{"rendered":"Freyja-Anh\u00e4nger Bronze"},"content":{"rendered":"<p>nach einem schwedischen Originalfund aus Aska, 10.Jh.<\/p>\n<p>massiv, 2,2 x 3,1 cm<\/p>\n<p>Freyja, die G\u00f6ttin der Liebe und Fruchtbarkeit, Anf\u00fchrerin der Walk\u00fcren<\/p>\n<p>Lederband im Preis inklusive<\/p>\n","protected":false},"excerpt":{"rendered":"<p>nach einem schwedischen Originalfund aus Aska, 10.Jh. massiv, 2,2 x 3,1 cm Freyja, die G\u00f6ttin der Liebe und Fruchtbarkeit, Anf\u00fchrerin der Walk\u00fcren Lederband im Preis inklusive<\/p>\n","protected":false},"featured_media":11309,"template":"","meta":[],"product_brand":[],"product_cat":[474,455],"product_tag":[472,351,516,394],"class_list":{"0":"post-4399","1":"product","2":"type-product","3":"status-publish","4":"has-post-thumbnail","6":"product_cat-anhaenger","7":"product_cat-schmuck","8":"product_tag-bronze","9":"product_tag-goetter","10":"product_tag-liebe","11":"product_tag-schweden","12":"product_shipping_class-brief","14":"first","15":"onbackorder","16":"taxable","17":"shipping-taxable","18":"purchasable","19":"product-type-simple"},"_links":{"self":[{"href":"https:\/\/shop.mittgard.de\/index.php?rest_route=\/wp\/v2\/product\/4399","targetHints":{"allow":["GET"]}}],"collection":[{"href":"https:\/\/shop.mittgard.de\/index.php?rest_route=\/wp\/v2\/product"}],"about":[{"href":"https:\/\/shop.mittgard.de\/index.php?rest_route=\/wp\/v2\/types\/product"}],"wp:featuredmedia":[{"embeddable":true,"href":"https:\/\/shop.mittgard.de\/index.php?rest_route=\/wp\/v2\/media\/11309"}],"wp:attachment":[{"href":"https:\/\/shop.mittgard.de\/index.php?rest_route=%2Fwp%2Fv2%2Fmedia&parent=4399"}],"wp:term":[{"taxonomy":"product_brand","embeddable":true,"href":"https:\/\/shop.mittgard.de\/index.php?rest_route=%2Fwp%2Fv2%2Fproduct_brand&post=4399"},{"taxonomy":"product_cat","embeddable":true,"href":"https:\/\/shop.mittgard.de\/index.php?rest_route=%2Fwp%2Fv2%2Fproduct_cat&post=4399"},{"taxonomy":"product_tag","embeddable":true,"href":"https:\/\/shop.mittgard.de\/index.php?rest_route=%2Fwp%2Fv2%2Fproduct_tag&post=4399"}],"curies":[{"name":"wp","href":"https:\/\/api.w.org\/{rel}","templated":true}]}}