{"id":4400,"date":"2018-09-16T13:44:52","date_gmt":"2018-09-16T11:44:52","guid":{"rendered":"http:\/\/shop.mittgard.de\/?product=import-placeholder-for-4381"},"modified":"2026-01-29T09:18:08","modified_gmt":"2026-01-29T08:18:08","slug":"freyja-anhaenger-2","status":"publish","type":"product","link":"https:\/\/shop.mittgard.de\/?product=freyja-anhaenger-2","title":{"rendered":"Freyja-Anh\u00e4nger Silber"},"content":{"rendered":"<p>nach einem schwedischen Originalfund aus Aska, 10.Jh.<\/p>\n<p>massiv, 2,2 x 3,1 cm<\/p>\n<p>Freyja, die G\u00f6ttin der Liebe und Fruchtbarkeit, Anf\u00fchrerin der Walk\u00fcren<\/p>\n<p>Lederband im Preis inklusive<\/p>\n","protected":false},"excerpt":{"rendered":"<p>nach einem schwedischen Originalfund aus Aska, 10.Jh. massiv, 2,2 x 3,1 cm Freyja, die G\u00f6ttin der Liebe und Fruchtbarkeit, Anf\u00fchrerin der Walk\u00fcren Lederband im Preis inklusive<\/p>\n","protected":false},"featured_media":5232,"template":"","meta":[],"product_brand":[],"product_cat":[474,455],"product_tag":[351,516,394,471],"class_list":{"0":"post-4400","1":"product","2":"type-product","3":"status-publish","4":"has-post-thumbnail","6":"product_cat-anhaenger","7":"product_cat-schmuck","8":"product_tag-goetter","9":"product_tag-liebe","10":"product_tag-schweden","11":"product_tag-silber","12":"product_shipping_class-brief","14":"first","15":"onbackorder","16":"taxable","17":"shipping-taxable","18":"purchasable","19":"product-type-simple"},"_links":{"self":[{"href":"https:\/\/shop.mittgard.de\/index.php?rest_route=\/wp\/v2\/product\/4400","targetHints":{"allow":["GET"]}}],"collection":[{"href":"https:\/\/shop.mittgard.de\/index.php?rest_route=\/wp\/v2\/product"}],"about":[{"href":"https:\/\/shop.mittgard.de\/index.php?rest_route=\/wp\/v2\/types\/product"}],"wp:featuredmedia":[{"embeddable":true,"href":"https:\/\/shop.mittgard.de\/index.php?rest_route=\/wp\/v2\/media\/5232"}],"wp:attachment":[{"href":"https:\/\/shop.mittgard.de\/index.php?rest_route=%2Fwp%2Fv2%2Fmedia&parent=4400"}],"wp:term":[{"taxonomy":"product_brand","embeddable":true,"href":"https:\/\/shop.mittgard.de\/index.php?rest_route=%2Fwp%2Fv2%2Fproduct_brand&post=4400"},{"taxonomy":"product_cat","embeddable":true,"href":"https:\/\/shop.mittgard.de\/index.php?rest_route=%2Fwp%2Fv2%2Fproduct_cat&post=4400"},{"taxonomy":"product_tag","embeddable":true,"href":"https:\/\/shop.mittgard.de\/index.php?rest_route=%2Fwp%2Fv2%2Fproduct_tag&post=4400"}],"curies":[{"name":"wp","href":"https:\/\/api.w.org\/{rel}","templated":true}]}}