{"id":4402,"date":"2018-09-16T13:44:52","date_gmt":"2018-09-16T11:44:52","guid":{"rendered":"http:\/\/shop.mittgard.de\/?product=import-placeholder-for-4383"},"modified":"2024-12-13T13:14:55","modified_gmt":"2024-12-13T12:14:55","slug":"gesicht-eines-wikingerkriegers-2","status":"publish","type":"product","link":"https:\/\/shop.mittgard.de\/?product=gesicht-eines-wikingerkriegers-2","title":{"rendered":"Gesicht eines Wikingerkriegers Silber"},"content":{"rendered":"<p>Gr\u00f6\u00dfe 1,7 x 3,2 cm<\/p>\n<p>Original aus einem M\u00e4nnergrab, 9. Jh. war es einst eine Zierplatte<\/p>\n<p>inklusive Lederband<\/p>\n","protected":false},"excerpt":{"rendered":"<p>Gr\u00f6\u00dfe 1,7 x 3,2 cm Original aus einem M\u00e4nnergrab, 9. Jh. war es einst eine Zierplatte inklusive Lederband<\/p>\n","protected":false},"featured_media":5226,"template":"","meta":[],"product_brand":[],"product_cat":[474,455],"product_tag":[471,311],"class_list":{"0":"post-4402","1":"product","2":"type-product","3":"status-publish","4":"has-post-thumbnail","6":"product_cat-anhaenger","7":"product_cat-schmuck","8":"product_tag-silber","9":"product_tag-wikinger","10":"product_shipping_class-brief","12":"first","13":"onbackorder","14":"taxable","15":"shipping-taxable","16":"purchasable","17":"product-type-simple"},"_links":{"self":[{"href":"https:\/\/shop.mittgard.de\/index.php?rest_route=\/wp\/v2\/product\/4402","targetHints":{"allow":["GET"]}}],"collection":[{"href":"https:\/\/shop.mittgard.de\/index.php?rest_route=\/wp\/v2\/product"}],"about":[{"href":"https:\/\/shop.mittgard.de\/index.php?rest_route=\/wp\/v2\/types\/product"}],"wp:featuredmedia":[{"embeddable":true,"href":"https:\/\/shop.mittgard.de\/index.php?rest_route=\/wp\/v2\/media\/5226"}],"wp:attachment":[{"href":"https:\/\/shop.mittgard.de\/index.php?rest_route=%2Fwp%2Fv2%2Fmedia&parent=4402"}],"wp:term":[{"taxonomy":"product_brand","embeddable":true,"href":"https:\/\/shop.mittgard.de\/index.php?rest_route=%2Fwp%2Fv2%2Fproduct_brand&post=4402"},{"taxonomy":"product_cat","embeddable":true,"href":"https:\/\/shop.mittgard.de\/index.php?rest_route=%2Fwp%2Fv2%2Fproduct_cat&post=4402"},{"taxonomy":"product_tag","embeddable":true,"href":"https:\/\/shop.mittgard.de\/index.php?rest_route=%2Fwp%2Fv2%2Fproduct_tag&post=4402"}],"curies":[{"name":"wp","href":"https:\/\/api.w.org\/{rel}","templated":true}]}}