{"id":4417,"date":"2018-09-16T13:44:55","date_gmt":"2018-09-16T11:44:55","guid":{"rendered":"http:\/\/shop.mittgard.de\/?product=import-placeholder-for-4398"},"modified":"2025-06-30T15:24:24","modified_gmt":"2025-06-30T13:24:24","slug":"klapperanhaenger-pferdchen-1","status":"publish","type":"product","link":"https:\/\/shop.mittgard.de\/?product=klapperanhaenger-pferdchen-1","title":{"rendered":"Klapperanh\u00e4nger &#8222;Pferdchen&#8220; 1 Bronze"},"content":{"rendered":"<p>Gr\u00f6\u00dfe 3 x 4,5 cm<\/p>\n<p>Klapperanh\u00e4nger sind typisch f\u00fcr die Rus, das Klappern soll b\u00f6se Geister vertreiben und Pferde waren heilige Tiere<\/p>\n<p>inklusive Lederband<\/p>\n","protected":false},"excerpt":{"rendered":"<p>Gr\u00f6\u00dfe 3 x 4,5 cm Klapperanh\u00e4nger sind typisch f\u00fcr die Rus, das Klappern soll b\u00f6se Geister vertreiben und Pferde waren heilige Tiere inklusive Lederband<\/p>\n","protected":false},"featured_media":8225,"template":"","meta":[],"product_brand":[],"product_cat":[474,455],"product_tag":[472,585,175],"class_list":{"0":"post-4417","1":"product","2":"type-product","3":"status-publish","4":"has-post-thumbnail","6":"product_cat-anhaenger","7":"product_cat-schmuck","8":"product_tag-bronze","9":"product_tag-rus","10":"product_tag-schutz","11":"product_shipping_class-brief","13":"first","14":"onbackorder","15":"taxable","16":"shipping-taxable","17":"purchasable","18":"product-type-simple"},"_links":{"self":[{"href":"https:\/\/shop.mittgard.de\/index.php?rest_route=\/wp\/v2\/product\/4417","targetHints":{"allow":["GET"]}}],"collection":[{"href":"https:\/\/shop.mittgard.de\/index.php?rest_route=\/wp\/v2\/product"}],"about":[{"href":"https:\/\/shop.mittgard.de\/index.php?rest_route=\/wp\/v2\/types\/product"}],"wp:featuredmedia":[{"embeddable":true,"href":"https:\/\/shop.mittgard.de\/index.php?rest_route=\/wp\/v2\/media\/8225"}],"wp:attachment":[{"href":"https:\/\/shop.mittgard.de\/index.php?rest_route=%2Fwp%2Fv2%2Fmedia&parent=4417"}],"wp:term":[{"taxonomy":"product_brand","embeddable":true,"href":"https:\/\/shop.mittgard.de\/index.php?rest_route=%2Fwp%2Fv2%2Fproduct_brand&post=4417"},{"taxonomy":"product_cat","embeddable":true,"href":"https:\/\/shop.mittgard.de\/index.php?rest_route=%2Fwp%2Fv2%2Fproduct_cat&post=4417"},{"taxonomy":"product_tag","embeddable":true,"href":"https:\/\/shop.mittgard.de\/index.php?rest_route=%2Fwp%2Fv2%2Fproduct_tag&post=4417"}],"curies":[{"name":"wp","href":"https:\/\/api.w.org\/{rel}","templated":true}]}}