{"id":4420,"date":"2018-09-16T13:44:55","date_gmt":"2018-09-16T11:44:55","guid":{"rendered":"http:\/\/shop.mittgard.de\/?product=import-placeholder-for-4401"},"modified":"2025-09-09T10:24:27","modified_gmt":"2025-09-09T08:24:27","slug":"klapperanhaenger-finnisch","status":"publish","type":"product","link":"https:\/\/shop.mittgard.de\/?product=klapperanhaenger-finnisch","title":{"rendered":"Klapperanh\u00e4nger finnisch Bronze"},"content":{"rendered":"<p>Gr\u00f6\u00dfe 2,5 x 5,6 cm<\/p>\n<p>nach einem Wikingeramulett gefunden in Finnland, mit dem Klappern sollten b\u00f6se Geister vertrieben werden, Klapperanh\u00e4nger sind typisch f\u00fcr die Rus.<\/p>\n<p>inklusive Lederband<\/p>\n","protected":false},"excerpt":{"rendered":"<p>Gr\u00f6\u00dfe 2,5 x 5,6 cm nach einem Wikingeramulett gefunden in Finnland, mit dem Klappern sollten b\u00f6se Geister vertrieben werden, Klapperanh\u00e4nger sind typisch f\u00fcr die Rus. inklusive Lederband<\/p>\n","protected":false},"featured_media":8227,"template":"","meta":[],"product_brand":[],"product_cat":[474,455],"product_tag":[472,739,585,175],"class_list":{"0":"post-4420","1":"product","2":"type-product","3":"status-publish","4":"has-post-thumbnail","6":"product_cat-anhaenger","7":"product_cat-schmuck","8":"product_tag-bronze","9":"product_tag-finnland","10":"product_tag-rus","11":"product_tag-schutz","12":"product_shipping_class-brief","14":"first","15":"onbackorder","16":"taxable","17":"shipping-taxable","18":"purchasable","19":"product-type-simple"},"_links":{"self":[{"href":"https:\/\/shop.mittgard.de\/index.php?rest_route=\/wp\/v2\/product\/4420","targetHints":{"allow":["GET"]}}],"collection":[{"href":"https:\/\/shop.mittgard.de\/index.php?rest_route=\/wp\/v2\/product"}],"about":[{"href":"https:\/\/shop.mittgard.de\/index.php?rest_route=\/wp\/v2\/types\/product"}],"wp:featuredmedia":[{"embeddable":true,"href":"https:\/\/shop.mittgard.de\/index.php?rest_route=\/wp\/v2\/media\/8227"}],"wp:attachment":[{"href":"https:\/\/shop.mittgard.de\/index.php?rest_route=%2Fwp%2Fv2%2Fmedia&parent=4420"}],"wp:term":[{"taxonomy":"product_brand","embeddable":true,"href":"https:\/\/shop.mittgard.de\/index.php?rest_route=%2Fwp%2Fv2%2Fproduct_brand&post=4420"},{"taxonomy":"product_cat","embeddable":true,"href":"https:\/\/shop.mittgard.de\/index.php?rest_route=%2Fwp%2Fv2%2Fproduct_cat&post=4420"},{"taxonomy":"product_tag","embeddable":true,"href":"https:\/\/shop.mittgard.de\/index.php?rest_route=%2Fwp%2Fv2%2Fproduct_tag&post=4420"}],"curies":[{"name":"wp","href":"https:\/\/api.w.org\/{rel}","templated":true}]}}