{"id":4435,"date":"2018-09-16T13:45:05","date_gmt":"2018-09-16T11:45:05","guid":{"rendered":"http:\/\/shop.mittgard.de\/?product=import-placeholder-for-4416"},"modified":"2026-01-29T09:13:17","modified_gmt":"2026-01-29T08:13:17","slug":"odinsanhaenger","status":"publish","type":"product","link":"https:\/\/shop.mittgard.de\/?product=odinsanhaenger","title":{"rendered":"Odinsanh\u00e4nger Bronze"},"content":{"rendered":"<p>Gr\u00f6\u00dfe 3,9 x 2 cm<\/p>\n<p>gefunden in Uppland\/Schweden<\/p>\n<p>In seinen H\u00e4nden h\u00e4lt Odin ein Schwert und seine Runenst\u00e4be, die ihn als Kriegsgott, aber auch als Gott der Zauberei ausweisen.<\/p>\n<p>inklusive Lederband<\/p>\n","protected":false},"excerpt":{"rendered":"<p>Gr\u00f6\u00dfe 3,9 x 2 cm gefunden in Uppland\/Schweden In seinen H\u00e4nden h\u00e4lt Odin ein Schwert und seine Runenst\u00e4be, die ihn als Kriegsgott, aber auch als Gott der Zauberei ausweisen. inklusive Lederband<\/p>\n","protected":false},"featured_media":7196,"template":"","meta":[],"product_brand":[],"product_cat":[474,455],"product_tag":[472,388,358,319,394],"class_list":{"0":"post-4435","1":"product","2":"type-product","3":"status-publish","4":"has-post-thumbnail","6":"product_cat-anhaenger","7":"product_cat-schmuck","8":"product_tag-bronze","9":"product_tag-krieg","10":"product_tag-odin","11":"product_tag-runen","12":"product_tag-schweden","13":"product_shipping_class-brief","15":"first","16":"onbackorder","17":"taxable","18":"shipping-taxable","19":"purchasable","20":"product-type-simple"},"_links":{"self":[{"href":"https:\/\/shop.mittgard.de\/index.php?rest_route=\/wp\/v2\/product\/4435","targetHints":{"allow":["GET"]}}],"collection":[{"href":"https:\/\/shop.mittgard.de\/index.php?rest_route=\/wp\/v2\/product"}],"about":[{"href":"https:\/\/shop.mittgard.de\/index.php?rest_route=\/wp\/v2\/types\/product"}],"wp:featuredmedia":[{"embeddable":true,"href":"https:\/\/shop.mittgard.de\/index.php?rest_route=\/wp\/v2\/media\/7196"}],"wp:attachment":[{"href":"https:\/\/shop.mittgard.de\/index.php?rest_route=%2Fwp%2Fv2%2Fmedia&parent=4435"}],"wp:term":[{"taxonomy":"product_brand","embeddable":true,"href":"https:\/\/shop.mittgard.de\/index.php?rest_route=%2Fwp%2Fv2%2Fproduct_brand&post=4435"},{"taxonomy":"product_cat","embeddable":true,"href":"https:\/\/shop.mittgard.de\/index.php?rest_route=%2Fwp%2Fv2%2Fproduct_cat&post=4435"},{"taxonomy":"product_tag","embeddable":true,"href":"https:\/\/shop.mittgard.de\/index.php?rest_route=%2Fwp%2Fv2%2Fproduct_tag&post=4435"}],"curies":[{"name":"wp","href":"https:\/\/api.w.org\/{rel}","templated":true}]}}