{"id":4458,"date":"2018-09-16T13:45:16","date_gmt":"2018-09-16T11:45:16","guid":{"rendered":"http:\/\/shop.mittgard.de\/?product=import-placeholder-for-4439"},"modified":"2024-12-13T13:30:20","modified_gmt":"2024-12-13T12:30:20","slug":"weltenesche-anhaenger","status":"publish","type":"product","link":"https:\/\/shop.mittgard.de\/?product=weltenesche-anhaenger","title":{"rendered":"Weltenesche-Anh\u00e4nger gro\u00df Bronze"},"content":{"rendered":"<p>\u00d8 2 cm<\/p>\n<p>In der Weltenesche Yggdrasil finden sich alle 9 Welten der germanischen Mythologie.<\/p>\n<p>Lederband im Preis inklusive<\/p>\n","protected":false},"excerpt":{"rendered":"<p>\u00d8 2 cm In der Weltenesche Yggdrasil finden sich alle 9 Welten der germanischen Mythologie. Lederband im Preis inklusive<\/p>\n","protected":false},"featured_media":5234,"template":"","meta":[],"product_brand":[],"product_cat":[474,455],"product_tag":[472,551,550],"class_list":{"0":"post-4458","1":"product","2":"type-product","3":"status-publish","4":"has-post-thumbnail","6":"product_cat-anhaenger","7":"product_cat-schmuck","8":"product_tag-bronze","9":"product_tag-weltenbaum","10":"product_tag-yggdrasil","11":"product_shipping_class-brief","13":"first","14":"onbackorder","15":"taxable","16":"shipping-taxable","17":"purchasable","18":"product-type-simple"},"_links":{"self":[{"href":"https:\/\/shop.mittgard.de\/index.php?rest_route=\/wp\/v2\/product\/4458","targetHints":{"allow":["GET"]}}],"collection":[{"href":"https:\/\/shop.mittgard.de\/index.php?rest_route=\/wp\/v2\/product"}],"about":[{"href":"https:\/\/shop.mittgard.de\/index.php?rest_route=\/wp\/v2\/types\/product"}],"wp:featuredmedia":[{"embeddable":true,"href":"https:\/\/shop.mittgard.de\/index.php?rest_route=\/wp\/v2\/media\/5234"}],"wp:attachment":[{"href":"https:\/\/shop.mittgard.de\/index.php?rest_route=%2Fwp%2Fv2%2Fmedia&parent=4458"}],"wp:term":[{"taxonomy":"product_brand","embeddable":true,"href":"https:\/\/shop.mittgard.de\/index.php?rest_route=%2Fwp%2Fv2%2Fproduct_brand&post=4458"},{"taxonomy":"product_cat","embeddable":true,"href":"https:\/\/shop.mittgard.de\/index.php?rest_route=%2Fwp%2Fv2%2Fproduct_cat&post=4458"},{"taxonomy":"product_tag","embeddable":true,"href":"https:\/\/shop.mittgard.de\/index.php?rest_route=%2Fwp%2Fv2%2Fproduct_tag&post=4458"}],"curies":[{"name":"wp","href":"https:\/\/api.w.org\/{rel}","templated":true}]}}