{"id":4461,"date":"2018-09-16T13:45:16","date_gmt":"2018-09-16T11:45:16","guid":{"rendered":"http:\/\/shop.mittgard.de\/?product=import-placeholder-for-4442"},"modified":"2024-12-13T13:33:00","modified_gmt":"2024-12-13T12:33:00","slug":"wikingeranhaenger","status":"publish","type":"product","link":"https:\/\/shop.mittgard.de\/?product=wikingeranhaenger","title":{"rendered":"Wikingeranh\u00e4nger Bronze"},"content":{"rendered":"<p>Gr\u00f6\u00dfe 3,2 x 2,6 cm<\/p>\n<p>Replikat eines im Hafen von Haithabu gefundenen Schmuckanh\u00e4ngers vom Typ Terslev<\/p>\n<p>inklusive Lederband<\/p>\n","protected":false},"excerpt":{"rendered":"<p>Gr\u00f6\u00dfe 3,2 x 2,6 cm Replikat eines im Hafen von Haithabu gefundenen Schmuckanh\u00e4ngers vom Typ Terslev inklusive Lederband<\/p>\n","protected":false},"featured_media":8851,"template":"","meta":[],"product_brand":[],"product_cat":[474,455],"product_tag":[472,735],"class_list":{"0":"post-4461","1":"product","2":"type-product","3":"status-publish","4":"has-post-thumbnail","6":"product_cat-anhaenger","7":"product_cat-schmuck","8":"product_tag-bronze","9":"product_tag-haithabu","10":"product_shipping_class-brief","12":"first","13":"onbackorder","14":"taxable","15":"shipping-taxable","16":"purchasable","17":"product-type-simple"},"_links":{"self":[{"href":"https:\/\/shop.mittgard.de\/index.php?rest_route=\/wp\/v2\/product\/4461","targetHints":{"allow":["GET"]}}],"collection":[{"href":"https:\/\/shop.mittgard.de\/index.php?rest_route=\/wp\/v2\/product"}],"about":[{"href":"https:\/\/shop.mittgard.de\/index.php?rest_route=\/wp\/v2\/types\/product"}],"wp:featuredmedia":[{"embeddable":true,"href":"https:\/\/shop.mittgard.de\/index.php?rest_route=\/wp\/v2\/media\/8851"}],"wp:attachment":[{"href":"https:\/\/shop.mittgard.de\/index.php?rest_route=%2Fwp%2Fv2%2Fmedia&parent=4461"}],"wp:term":[{"taxonomy":"product_brand","embeddable":true,"href":"https:\/\/shop.mittgard.de\/index.php?rest_route=%2Fwp%2Fv2%2Fproduct_brand&post=4461"},{"taxonomy":"product_cat","embeddable":true,"href":"https:\/\/shop.mittgard.de\/index.php?rest_route=%2Fwp%2Fv2%2Fproduct_cat&post=4461"},{"taxonomy":"product_tag","embeddable":true,"href":"https:\/\/shop.mittgard.de\/index.php?rest_route=%2Fwp%2Fv2%2Fproduct_tag&post=4461"}],"curies":[{"name":"wp","href":"https:\/\/api.w.org\/{rel}","templated":true}]}}