{"id":4472,"date":"2018-09-16T13:45:19","date_gmt":"2018-09-16T11:45:19","guid":{"rendered":"http:\/\/shop.mittgard.de\/?product=import-placeholder-for-4453"},"modified":"2024-12-13T13:40:47","modified_gmt":"2024-12-13T12:40:47","slug":"brosche-rabe","status":"publish","type":"product","link":"https:\/\/shop.mittgard.de\/?product=brosche-rabe","title":{"rendered":"Rabenfibel &#8222;Munin&#8220; Bronze"},"content":{"rendered":"<p>Nachbildung eines Originalfundes aus der Wikingerzeit<\/p>\n<p>Gr\u00f6\u00dfe 4,8 x 1,5 cm<\/p>\n<p>an der r\u00fcckseitigen \u00d6se kann man Wikingerketten \u00fcber der Brust befestigen<\/p>\n","protected":false},"excerpt":{"rendered":"<p>Nachbildung eines Originalfundes aus der Wikingerzeit Gr\u00f6\u00dfe 4,8 x 1,5 cm an der r\u00fcckseitigen \u00d6se kann man Wikingerketten \u00fcber der Brust befestigen<\/p>\n","protected":false},"featured_media":7385,"template":"","meta":[],"product_brand":[],"product_cat":[475,455],"product_tag":[472,358,762,686],"class_list":{"0":"post-4472","1":"product","2":"type-product","3":"status-publish","4":"has-post-thumbnail","6":"product_cat-fibeln","7":"product_cat-schmuck","8":"product_tag-bronze","9":"product_tag-odin","10":"product_tag-rabe","11":"product_tag-schliesse","12":"product_shipping_class-brief","14":"first","15":"onbackorder","16":"taxable","17":"shipping-taxable","18":"purchasable","19":"product-type-simple"},"_links":{"self":[{"href":"https:\/\/shop.mittgard.de\/index.php?rest_route=\/wp\/v2\/product\/4472","targetHints":{"allow":["GET"]}}],"collection":[{"href":"https:\/\/shop.mittgard.de\/index.php?rest_route=\/wp\/v2\/product"}],"about":[{"href":"https:\/\/shop.mittgard.de\/index.php?rest_route=\/wp\/v2\/types\/product"}],"wp:featuredmedia":[{"embeddable":true,"href":"https:\/\/shop.mittgard.de\/index.php?rest_route=\/wp\/v2\/media\/7385"}],"wp:attachment":[{"href":"https:\/\/shop.mittgard.de\/index.php?rest_route=%2Fwp%2Fv2%2Fmedia&parent=4472"}],"wp:term":[{"taxonomy":"product_brand","embeddable":true,"href":"https:\/\/shop.mittgard.de\/index.php?rest_route=%2Fwp%2Fv2%2Fproduct_brand&post=4472"},{"taxonomy":"product_cat","embeddable":true,"href":"https:\/\/shop.mittgard.de\/index.php?rest_route=%2Fwp%2Fv2%2Fproduct_cat&post=4472"},{"taxonomy":"product_tag","embeddable":true,"href":"https:\/\/shop.mittgard.de\/index.php?rest_route=%2Fwp%2Fv2%2Fproduct_tag&post=4472"}],"curies":[{"name":"wp","href":"https:\/\/api.w.org\/{rel}","templated":true}]}}