{"id":4479,"date":"2018-09-16T13:45:20","date_gmt":"2018-09-16T11:45:20","guid":{"rendered":"http:\/\/shop.mittgard.de\/?product=import-placeholder-for-4460"},"modified":"2026-01-29T09:40:46","modified_gmt":"2026-01-29T08:40:46","slug":"kleeblattfibel-2","status":"publish","type":"product","link":"https:\/\/shop.mittgard.de\/?product=kleeblattfibel-2","title":{"rendered":"Kleeblattfibel 1 Bronze"},"content":{"rendered":"<p>im Borre-Stil mit 3 \u00d6sen zum Einh\u00e4ngen von Wikingerketten u.a.<\/p>\n<p>5,5 x 6 cm Bronze<\/p>\n<p>Kleeblattfibel wurden zumeist zum Verschlie\u00dfen von Umh\u00e4ngen und M\u00e4nteln verwendet<\/p>\n","protected":false},"excerpt":{"rendered":"<p>im Borre-Stil mit 3 \u00d6sen zum Einh\u00e4ngen von Wikingerketten u.a. 5,5 x 6 cm Bronze Kleeblattfibel wurden zumeist zum Verschlie\u00dfen von Umh\u00e4ngen und M\u00e4nteln verwendet<\/p>\n","protected":false},"featured_media":5762,"template":"","meta":[],"product_brand":[],"product_cat":[475,456,455],"product_tag":[472,611,311],"class_list":{"0":"post-4479","1":"product","2":"type-product","3":"status-publish","4":"has-post-thumbnail","6":"product_cat-fibeln","7":"product_cat-germanen-wikinger","8":"product_cat-schmuck","9":"product_tag-bronze","10":"product_tag-gewandschliesse","11":"product_tag-wikinger","12":"product_shipping_class-brief","14":"first","15":"onbackorder","16":"taxable","17":"shipping-taxable","18":"purchasable","19":"product-type-simple"},"_links":{"self":[{"href":"https:\/\/shop.mittgard.de\/index.php?rest_route=\/wp\/v2\/product\/4479","targetHints":{"allow":["GET"]}}],"collection":[{"href":"https:\/\/shop.mittgard.de\/index.php?rest_route=\/wp\/v2\/product"}],"about":[{"href":"https:\/\/shop.mittgard.de\/index.php?rest_route=\/wp\/v2\/types\/product"}],"wp:featuredmedia":[{"embeddable":true,"href":"https:\/\/shop.mittgard.de\/index.php?rest_route=\/wp\/v2\/media\/5762"}],"wp:attachment":[{"href":"https:\/\/shop.mittgard.de\/index.php?rest_route=%2Fwp%2Fv2%2Fmedia&parent=4479"}],"wp:term":[{"taxonomy":"product_brand","embeddable":true,"href":"https:\/\/shop.mittgard.de\/index.php?rest_route=%2Fwp%2Fv2%2Fproduct_brand&post=4479"},{"taxonomy":"product_cat","embeddable":true,"href":"https:\/\/shop.mittgard.de\/index.php?rest_route=%2Fwp%2Fv2%2Fproduct_cat&post=4479"},{"taxonomy":"product_tag","embeddable":true,"href":"https:\/\/shop.mittgard.de\/index.php?rest_route=%2Fwp%2Fv2%2Fproduct_tag&post=4479"}],"curies":[{"name":"wp","href":"https:\/\/api.w.org\/{rel}","templated":true}]}}