{"id":4494,"date":"2018-09-16T13:45:29","date_gmt":"2018-09-16T11:45:29","guid":{"rendered":"http:\/\/shop.mittgard.de\/?product=import-placeholder-for-4475"},"modified":"2026-01-29T09:42:41","modified_gmt":"2026-01-29T08:42:41","slug":"widder-brosche","status":"publish","type":"product","link":"https:\/\/shop.mittgard.de\/?product=widder-brosche","title":{"rendered":"Widder-Brosche Bronze"},"content":{"rendered":"<p>massiv gearbeitet mit starker Nadel, auch als Gewandschlie\u00dfe zu nutzen<\/p>\n<p>Der Widder war Symbol f\u00fcr Thor und damit f\u00fcr Kraft, St\u00e4rke und Durchsetzungsverm\u00f6gen<\/p>\n<p>3,10 x 4,20 x 2,10 cm aus Schmuckbronze<\/p>\n","protected":false},"excerpt":{"rendered":"<p>massiv gearbeitet mit starker Nadel, auch als Gewandschlie\u00dfe zu nutzen Der Widder war Symbol f\u00fcr Thor und damit f\u00fcr Kraft, St\u00e4rke und Durchsetzungsverm\u00f6gen 3,10 x 4,20 x 2,10 cm aus Schmuckbronze<\/p>\n","protected":false},"featured_media":7395,"template":"","meta":[],"product_brand":[],"product_cat":[475,455],"product_tag":[472,766,611,346,765],"class_list":{"0":"post-4494","1":"product","2":"type-product","3":"status-publish","4":"has-post-thumbnail","6":"product_cat-fibeln","7":"product_cat-schmuck","8":"product_tag-bronze","9":"product_tag-brosche","10":"product_tag-gewandschliesse","11":"product_tag-thor","12":"product_tag-widder","13":"product_shipping_class-brief","15":"first","16":"onbackorder","17":"taxable","18":"shipping-taxable","19":"purchasable","20":"product-type-simple"},"_links":{"self":[{"href":"https:\/\/shop.mittgard.de\/index.php?rest_route=\/wp\/v2\/product\/4494","targetHints":{"allow":["GET"]}}],"collection":[{"href":"https:\/\/shop.mittgard.de\/index.php?rest_route=\/wp\/v2\/product"}],"about":[{"href":"https:\/\/shop.mittgard.de\/index.php?rest_route=\/wp\/v2\/types\/product"}],"wp:featuredmedia":[{"embeddable":true,"href":"https:\/\/shop.mittgard.de\/index.php?rest_route=\/wp\/v2\/media\/7395"}],"wp:attachment":[{"href":"https:\/\/shop.mittgard.de\/index.php?rest_route=%2Fwp%2Fv2%2Fmedia&parent=4494"}],"wp:term":[{"taxonomy":"product_brand","embeddable":true,"href":"https:\/\/shop.mittgard.de\/index.php?rest_route=%2Fwp%2Fv2%2Fproduct_brand&post=4494"},{"taxonomy":"product_cat","embeddable":true,"href":"https:\/\/shop.mittgard.de\/index.php?rest_route=%2Fwp%2Fv2%2Fproduct_cat&post=4494"},{"taxonomy":"product_tag","embeddable":true,"href":"https:\/\/shop.mittgard.de\/index.php?rest_route=%2Fwp%2Fv2%2Fproduct_tag&post=4494"}],"curies":[{"name":"wp","href":"https:\/\/api.w.org\/{rel}","templated":true}]}}