{"id":4543,"date":"2018-09-16T13:45:45","date_gmt":"2018-09-16T11:45:45","guid":{"rendered":"http:\/\/shop.mittgard.de\/?product=import-placeholder-for-4524"},"modified":"2024-12-13T15:17:23","modified_gmt":"2024-12-13T14:17:23","slug":"triskele-5-3","status":"publish","type":"product","link":"https:\/\/shop.mittgard.de\/?product=triskele-5-3","title":{"rendered":"Triskele 3 gro\u00df Bronze"},"content":{"rendered":"<p>Gr\u00f6\u00dfe \u00d8 3,4 cm<\/p>\n<p>Lederband ist im Preis inklusive<\/p>\n","protected":false},"excerpt":{"rendered":"<p>Gr\u00f6\u00dfe \u00d8 3,4 cm Lederband ist im Preis inklusive<\/p>\n","protected":false},"featured_media":7289,"template":"","meta":[],"product_brand":[],"product_cat":[455,480],"product_tag":[472,313,795,614],"class_list":{"0":"post-4543","1":"product","2":"type-product","3":"status-publish","4":"has-post-thumbnail","6":"product_cat-schmuck","7":"product_cat-triskele","8":"product_tag-bronze","9":"product_tag-kelten","10":"product_tag-kreislauf-des-lebens","11":"product_tag-triskele","12":"product_shipping_class-brief","14":"first","15":"instock","16":"taxable","17":"shipping-taxable","18":"purchasable","19":"product-type-simple"},"_links":{"self":[{"href":"https:\/\/shop.mittgard.de\/index.php?rest_route=\/wp\/v2\/product\/4543","targetHints":{"allow":["GET"]}}],"collection":[{"href":"https:\/\/shop.mittgard.de\/index.php?rest_route=\/wp\/v2\/product"}],"about":[{"href":"https:\/\/shop.mittgard.de\/index.php?rest_route=\/wp\/v2\/types\/product"}],"wp:featuredmedia":[{"embeddable":true,"href":"https:\/\/shop.mittgard.de\/index.php?rest_route=\/wp\/v2\/media\/7289"}],"wp:attachment":[{"href":"https:\/\/shop.mittgard.de\/index.php?rest_route=%2Fwp%2Fv2%2Fmedia&parent=4543"}],"wp:term":[{"taxonomy":"product_brand","embeddable":true,"href":"https:\/\/shop.mittgard.de\/index.php?rest_route=%2Fwp%2Fv2%2Fproduct_brand&post=4543"},{"taxonomy":"product_cat","embeddable":true,"href":"https:\/\/shop.mittgard.de\/index.php?rest_route=%2Fwp%2Fv2%2Fproduct_cat&post=4543"},{"taxonomy":"product_tag","embeddable":true,"href":"https:\/\/shop.mittgard.de\/index.php?rest_route=%2Fwp%2Fv2%2Fproduct_tag&post=4543"}],"curies":[{"name":"wp","href":"https:\/\/api.w.org\/{rel}","templated":true}]}}