{"id":4544,"date":"2018-09-16T13:45:45","date_gmt":"2018-09-16T11:45:45","guid":{"rendered":"http:\/\/shop.mittgard.de\/?product=import-placeholder-for-4525"},"modified":"2026-01-29T12:30:49","modified_gmt":"2026-01-29T11:30:49","slug":"triskele-5-4","status":"publish","type":"product","link":"https:\/\/shop.mittgard.de\/?product=triskele-5-4","title":{"rendered":"Triskele 3 gro\u00df Silber"},"content":{"rendered":"<p>Gr\u00f6\u00dfe \u00d8 2,5 cm, 925er Sterlingsilber, sehr filigran gearbeitet<\/p>\n<p>Lederband ist im Preis inklusive<\/p>\n","protected":false},"excerpt":{"rendered":"<p>Gr\u00f6\u00dfe \u00d8 2,5 cm, 925er Sterlingsilber, sehr filigran gearbeitet Lederband ist im Preis inklusive<\/p>\n","protected":false},"featured_media":12159,"template":"","meta":[],"product_brand":[],"product_cat":[455,480],"product_tag":[313,795,471,614],"class_list":{"0":"post-4544","1":"product","2":"type-product","3":"status-publish","4":"has-post-thumbnail","6":"product_cat-schmuck","7":"product_cat-triskele","8":"product_tag-kelten","9":"product_tag-kreislauf-des-lebens","10":"product_tag-silber","11":"product_tag-triskele","12":"product_shipping_class-brief","14":"first","15":"onbackorder","16":"taxable","17":"shipping-taxable","18":"purchasable","19":"product-type-simple"},"_links":{"self":[{"href":"https:\/\/shop.mittgard.de\/index.php?rest_route=\/wp\/v2\/product\/4544","targetHints":{"allow":["GET"]}}],"collection":[{"href":"https:\/\/shop.mittgard.de\/index.php?rest_route=\/wp\/v2\/product"}],"about":[{"href":"https:\/\/shop.mittgard.de\/index.php?rest_route=\/wp\/v2\/types\/product"}],"wp:featuredmedia":[{"embeddable":true,"href":"https:\/\/shop.mittgard.de\/index.php?rest_route=\/wp\/v2\/media\/12159"}],"wp:attachment":[{"href":"https:\/\/shop.mittgard.de\/index.php?rest_route=%2Fwp%2Fv2%2Fmedia&parent=4544"}],"wp:term":[{"taxonomy":"product_brand","embeddable":true,"href":"https:\/\/shop.mittgard.de\/index.php?rest_route=%2Fwp%2Fv2%2Fproduct_brand&post=4544"},{"taxonomy":"product_cat","embeddable":true,"href":"https:\/\/shop.mittgard.de\/index.php?rest_route=%2Fwp%2Fv2%2Fproduct_cat&post=4544"},{"taxonomy":"product_tag","embeddable":true,"href":"https:\/\/shop.mittgard.de\/index.php?rest_route=%2Fwp%2Fv2%2Fproduct_tag&post=4544"}],"curies":[{"name":"wp","href":"https:\/\/api.w.org\/{rel}","templated":true}]}}