{"id":4560,"date":"2018-09-16T13:45:56","date_gmt":"2018-09-16T11:45:56","guid":{"rendered":"http:\/\/shop.mittgard.de\/?product=import-placeholder-for-4541"},"modified":"2025-06-24T09:37:27","modified_gmt":"2025-06-24T07:37:27","slug":"fibel-anderswelthund-1","status":"publish","type":"product","link":"https:\/\/shop.mittgard.de\/?product=fibel-anderswelthund-1","title":{"rendered":"Fibel Anderswelthund 1 Bronze"},"content":{"rendered":"<p>Der Hund ist der Mittler zwischen den Welten in der irisch-keltischen Mythologie und war auch das Totemtier des gro\u00dfen irischen Helden Cuchullain<\/p>\n<p>den Motiven des Lindisfarne-Codex nach empfunden<\/p>\n<p>Gr\u00f6\u00dfe 2,10 x 5,70 cm, Schmuckbronze<\/p>\n","protected":false},"excerpt":{"rendered":"<p>Der Hund ist der Mittler zwischen den Welten in der irisch-keltischen Mythologie und war auch das Totemtier des gro\u00dfen irischen Helden Cuchullain den Motiven des Lindisfarne-Codex nach empfunden Gr\u00f6\u00dfe 2,10 x 5,70 cm, Schmuckbronze<\/p>\n","protected":false},"featured_media":9941,"template":"","meta":[],"product_brand":[],"product_cat":[483,478,455],"product_tag":[472,553,612,442],"class_list":{"0":"post-4560","1":"product","2":"type-product","3":"status-publish","4":"has-post-thumbnail","6":"product_cat-fibeln-keltischer-schmuck","7":"product_cat-keltischer-schmuck","8":"product_cat-schmuck","9":"product_tag-bronze","10":"product_tag-hund","11":"product_tag-lindisfarne","12":"product_tag-wolf","13":"product_shipping_class-brief","15":"first","16":"instock","17":"taxable","18":"shipping-taxable","19":"purchasable","20":"product-type-simple"},"_links":{"self":[{"href":"https:\/\/shop.mittgard.de\/index.php?rest_route=\/wp\/v2\/product\/4560","targetHints":{"allow":["GET"]}}],"collection":[{"href":"https:\/\/shop.mittgard.de\/index.php?rest_route=\/wp\/v2\/product"}],"about":[{"href":"https:\/\/shop.mittgard.de\/index.php?rest_route=\/wp\/v2\/types\/product"}],"wp:featuredmedia":[{"embeddable":true,"href":"https:\/\/shop.mittgard.de\/index.php?rest_route=\/wp\/v2\/media\/9941"}],"wp:attachment":[{"href":"https:\/\/shop.mittgard.de\/index.php?rest_route=%2Fwp%2Fv2%2Fmedia&parent=4560"}],"wp:term":[{"taxonomy":"product_brand","embeddable":true,"href":"https:\/\/shop.mittgard.de\/index.php?rest_route=%2Fwp%2Fv2%2Fproduct_brand&post=4560"},{"taxonomy":"product_cat","embeddable":true,"href":"https:\/\/shop.mittgard.de\/index.php?rest_route=%2Fwp%2Fv2%2Fproduct_cat&post=4560"},{"taxonomy":"product_tag","embeddable":true,"href":"https:\/\/shop.mittgard.de\/index.php?rest_route=%2Fwp%2Fv2%2Fproduct_tag&post=4560"}],"curies":[{"name":"wp","href":"https:\/\/api.w.org\/{rel}","templated":true}]}}