{"id":4563,"date":"2018-09-16T13:45:56","date_gmt":"2018-09-16T11:45:56","guid":{"rendered":"http:\/\/shop.mittgard.de\/?product=import-placeholder-for-4544"},"modified":"2026-01-29T09:39:17","modified_gmt":"2026-01-29T08:39:17","slug":"ringfibel-1-2","status":"publish","type":"product","link":"https:\/\/shop.mittgard.de\/?product=ringfibel-1-2","title":{"rendered":"Ringfibel 1 Bronze"},"content":{"rendered":"<p>keltische Ringfibel mit feinen keltischen Flechtverzierungen<\/p>\n<p>zum Verschlie\u00dfen von leichten Umh\u00e4ngen &amp; T\u00fcchern<\/p>\n<p>Gr\u00f6\u00dfe ca.\u00a0 5,5 cm, Schmuckbronze<\/p>\n","protected":false},"excerpt":{"rendered":"<p>keltische Ringfibel mit feinen keltischen Flechtverzierungen zum Verschlie\u00dfen von leichten Umh\u00e4ngen &amp; T\u00fcchern Gr\u00f6\u00dfe ca.\u00a0 5,5 cm, Schmuckbronze<\/p>\n","protected":false},"featured_media":7402,"template":"","meta":[],"product_brand":[],"product_cat":[483,455],"product_tag":[472,804],"class_list":{"0":"post-4563","1":"product","2":"type-product","3":"status-publish","4":"has-post-thumbnail","6":"product_cat-fibeln-keltischer-schmuck","7":"product_cat-schmuck","8":"product_tag-bronze","9":"product_tag-keltenknoten","10":"product_shipping_class-brief","12":"first","13":"onbackorder","14":"taxable","15":"shipping-taxable","16":"purchasable","17":"product-type-simple"},"_links":{"self":[{"href":"https:\/\/shop.mittgard.de\/index.php?rest_route=\/wp\/v2\/product\/4563","targetHints":{"allow":["GET"]}}],"collection":[{"href":"https:\/\/shop.mittgard.de\/index.php?rest_route=\/wp\/v2\/product"}],"about":[{"href":"https:\/\/shop.mittgard.de\/index.php?rest_route=\/wp\/v2\/types\/product"}],"wp:featuredmedia":[{"embeddable":true,"href":"https:\/\/shop.mittgard.de\/index.php?rest_route=\/wp\/v2\/media\/7402"}],"wp:attachment":[{"href":"https:\/\/shop.mittgard.de\/index.php?rest_route=%2Fwp%2Fv2%2Fmedia&parent=4563"}],"wp:term":[{"taxonomy":"product_brand","embeddable":true,"href":"https:\/\/shop.mittgard.de\/index.php?rest_route=%2Fwp%2Fv2%2Fproduct_brand&post=4563"},{"taxonomy":"product_cat","embeddable":true,"href":"https:\/\/shop.mittgard.de\/index.php?rest_route=%2Fwp%2Fv2%2Fproduct_cat&post=4563"},{"taxonomy":"product_tag","embeddable":true,"href":"https:\/\/shop.mittgard.de\/index.php?rest_route=%2Fwp%2Fv2%2Fproduct_tag&post=4563"}],"curies":[{"name":"wp","href":"https:\/\/api.w.org\/{rel}","templated":true}]}}